{"id":1717,"date":"2023-04-04T12:41:48","date_gmt":"2023-04-04T12:41:48","guid":{"rendered":"https:\/\/indiicreations.com\/product\/antioxidant-beauty-butter\/"},"modified":"2026-03-23T20:02:39","modified_gmt":"2026-03-23T20:02:39","slug":"antioxidant-beauty-butter","status":"publish","type":"product","link":"https:\/\/indiicreations.com\/no\/produkt\/antioxidant-beauty-butter\/","title":{"rendered":"Antioxidant Beauty Butter"},"content":{"rendered":"[vc_row type=&raquo;full_width_background&raquo; full_screen_row_position=&raquo;middle&raquo; column_margin=&raquo;default&raquo; column_direction=&raquo;default&raquo; column_direction_tablet=&raquo;default&raquo; column_direction_phone=&raquo;default&raquo; scene_position=&raquo;center&raquo; top_padding=&raquo;4%&raquo; constrain_group_1=&raquo;yes&raquo; bottom_padding=&raquo;4%&raquo; text_color=&raquo;dark&raquo; text_align=&raquo;left&raquo; row_border_radius=&raquo;none&raquo; row_border_radius_applies=&raquo;bg&raquo; overflow=&raquo;visible&raquo; overlay_strength=&raquo;1&#8243; gradient_direction=&raquo;left_to_right&raquo; shape_divider_position=&raquo;bottom&raquo; bg_image_animation=&raquo;none&raquo; gradient_type=&raquo;default&raquo; shape_type=&raquo;&raquo;][vc_column column_padding=&raquo;no-extra-padding&raquo; column_padding_tablet=&raquo;inherit&raquo; column_padding_phone=&raquo;inherit&raquo; column_padding_position=&raquo;all&raquo; column_element_direction_desktop=&raquo;default&raquo; column_element_spacing=&raquo;default&raquo; desktop_text_alignment=&raquo;default&raquo; tablet_text_alignment=&raquo;default&raquo; phone_text_alignment=&raquo;default&raquo; background_color_opacity=&raquo;1&#8243; background_hover_color_opacity=&raquo;1&#8243; column_backdrop_filter=&raquo;none&raquo; column_shadow=&raquo;none&raquo; column_border_radius=&raquo;none&raquo; column_link_target=&raquo;_self&raquo; column_position=&raquo;default&raquo; gradient_direction=&raquo;left_to_right&raquo; overlay_strength=&raquo;0.3&#8243; width=&raquo;1\/1&#8243; tablet_width_inherit=&raquo;default&raquo; animation_type=&raquo;default&raquo; bg_image_animation=&raquo;none&raquo; border_type=&raquo;simple&raquo; column_border_width=&raquo;none&raquo; column_border_style=&raquo;solid&raquo;][vc_row_inner column_margin=&raquo;default&raquo; column_direction=&raquo;default&raquo; column_direction_tablet=&raquo;default&raquo; column_direction_phone=&raquo;default&raquo; text_align=&raquo;left&raquo; row_position=&raquo;default&raquo; row_position_tablet=&raquo;inherit&raquo; row_position_phone=&raquo;inherit&raquo; overflow=&raquo;visible&raquo; pointer_events=&raquo;all&raquo;][vc_column_inner column_padding=&raquo;no-extra-padding&raquo; column_padding_tablet=&raquo;inherit&raquo; column_padding_phone=&raquo;inherit&raquo; column_padding_position=&raquo;all&raquo; column_element_direction_desktop=&raquo;default&raquo; column_element_spacing=&raquo;default&raquo; desktop_text_alignment=&raquo;default&raquo; tablet_text_alignment=&raquo;default&raquo; phone_text_alignment=&raquo;default&raquo; background_color_opacity=&raquo;1&#8243; background_hover_color_opacity=&raquo;1&#8243; column_backdrop_filter=&raquo;none&raquo; column_shadow=&raquo;none&raquo; column_border_radius=&raquo;none&raquo; column_link_target=&raquo;_self&raquo; overflow=&raquo;visible&raquo; gradient_direction=&raquo;left_to_right&raquo; overlay_strength=&raquo;0.3&#8243; width=&raquo;2\/3&#8243; tablet_width_inherit=&raquo;default&raquo; animation_type=&raquo;default&raquo; bg_image_animation=&raquo;none&raquo; border_type=&raquo;simple&raquo; column_border_width=&raquo;none&raquo; column_border_style=&raquo;solid&raquo;][vc_column_text max_width=&raquo;750&#8243;]\n<h1><em>Hvordan bruke \/ Mine tips og triks<\/em><\/h1>\n<div class=\"not-in-quickbuy\">\n<div class=\"product-description rte cf\">\n<p>For meg er dette den ultimate velv\u00e6re n\u00e5r huden min trenger noe ekstra.<br \/>\nJeg brukte dette produktet med sin luksuri\u00f8se blanding av fr\u00f8sm\u00f8r hver dag p\u00e5 kroppen under graviditeten min for \u00e5 holde huden sunn og smidig. Det er et nydelig produkt b\u00e5de for mor og barn.<br \/>\nMass\u00e9r Antioxidant Beauty Butter direkte p\u00e5 ren, t\u00f8rr hud. For ekstra fuktighet og hydrering, p\u00e5f\u00f8r p\u00e5 lett fuktig hud. Dette vidunderproduktet vil holde huden sunn og str\u00e5lende \u2013 selv i kaldt v\u00e6r, spesielt om vinteren.<\/p>\n<\/div>\n<\/div>\n[\/vc_column_text][\/vc_column_inner][vc_column_inner column_padding=&raquo;no-extra-padding&raquo; column_padding_tablet=&raquo;inherit&raquo; column_padding_phone=&raquo;inherit&raquo; column_padding_position=&raquo;all&raquo; column_element_direction_desktop=&raquo;default&raquo; column_element_spacing=&raquo;default&raquo; desktop_text_alignment=&raquo;default&raquo; tablet_text_alignment=&raquo;default&raquo; phone_text_alignment=&raquo;default&raquo; background_color_opacity=&raquo;1&#8243; background_hover_color_opacity=&raquo;1&#8243; column_backdrop_filter=&raquo;none&raquo; column_shadow=&raquo;none&raquo; column_border_radius=&raquo;none&raquo; column_link_target=&raquo;_self&raquo; overflow=&raquo;visible&raquo; gradient_direction=&raquo;left_to_right&raquo; overlay_strength=&raquo;0.3&#8243; width=&raquo;1\/3&#8243; tablet_width_inherit=&raquo;default&raquo; animation_type=&raquo;default&raquo; bg_image_animation=&raquo;none&raquo; border_type=&raquo;simple&raquo; column_border_width=&raquo;none&raquo; column_border_style=&raquo;solid&raquo;][nectar_video_player_self_hosted video_mp4=&raquo;https:\/\/indiicreations.com\/wp-content\/uploads\/2023\/04\/INDII__AntioxidantBeautyButter_HVIT.mp4&#8243; el_aspect=&raquo;916&#8243; el_aspect_phone=&raquo;916&#8243; player_functionality=&raquo;default&raquo; hide_controls=&raquo;yes&raquo; loop=&raquo;yes&raquo; autoplay=&raquo;yes&raquo; video_loading=&raquo;default&raquo; border_radius=&raquo;none&raquo; box_shadow=&raquo;none&raquo; advanced_gradient_display_type=&raquo;linear&raquo;][\/vc_column_inner][\/vc_row_inner][\/vc_column][\/vc_row]\n","protected":false},"excerpt":{"rendered":"<p>[nectar_global_section id=&raquo;317&#8243;]<\/p>\n<p style=\"font-weight: 400\">Antioxsidant Beauty Butter er et deilig butter med n\u00e6rende og beskyttende egenskaper. Et produkt som kan benyttes b\u00e5de i ansikt og p\u00e5 kropp, fylt med polyfenoler (antioksidanter), vitaminer, mineraler og fettsyrer.<\/p>\n<p style=\"font-weight: 400\">Dette produktet er laget uten vann noe som sikrer en h\u00f8y konsentrasjon av fuktighetsgivende ingredienser. Olive butter, shea butter, mango butter gj\u00f8r den ikke bare rik men etterlater huden mettet med evne til og holde p\u00e5 fukt! Den ultimate velv\u00e6re n\u00e5r huden din trenger noe ekstra.<\/p>\n<p style=\"font-weight: 400\">En av stjerneingrediensene i dette produktet er buriti-fruktolje . Hentet fra buriti-palmetreet er denne oljen en kraftig kilde til fettsyrer, antioksidanter og vitamin A og E. Buriti er kjent for sine fuktighetsgivende og n\u00e6rende egenskaper, som bidrar til \u00e5 hydrere og beskytte huden mot ytre p\u00e5kjenninger. Med sitt h\u00f8ye innhold av vitamin A er den ogs\u00e5 ideell for \u00e5 bevare hudens elastisitet.<\/p>\n<p>[nectar_global_section id=&raquo;317&#8243;]<\/p>\n<p>FORDELER<br \/>\nGir dyp n\u00e6ring og fuktighet samtidig som den beskytter huden med antioksidanter og bidrar til \u00e5 reparere skader.<br \/>\nDenne eksklusive balmen for b\u00e5de ansikt og kropp forsegler fuktigheten og etterlater huden myk, glatt og str\u00e5lende sunn.<\/p>\n<p>[nectar_global_section id=&raquo;317&#8243;]<\/p>\n<p>N\u00d8KKELINGREDIENSER<\/p>\n<p><span class=\"metafield-multi_line_text_field\">Olivensm\u00f8r, solsikkefr\u00f8olje, sheasm\u00f8r, druekjerneolje, mangofr\u00f8sm\u00f8r, gojib\u00e6r, buriti-fruktolje<\/span><\/p>\n<p>[nectar_global_section id=&raquo;317&#8243;]<\/p>\n<p>[vc_row type=&raquo;in_container&raquo; full_screen_row_position=&raquo;middle&raquo; column_margin=&raquo;default&raquo; column_direction=&raquo;default&raquo; column_direction_tablet=&raquo;default&raquo; column_direction_phone=&raquo;default&raquo; scene_position=&raquo;center&raquo; text_color=&raquo;dark&raquo; text_align=&raquo;left&raquo; row_border_radius=&raquo;none&raquo; row_border_radius_applies=&raquo;bg&raquo; overflow=&raquo;visible&raquo; overlay_strength=&raquo;0.3&#8243; gradient_direction=&raquo;left_to_right&raquo; shape_divider_position=&raquo;bottom&raquo; bg_image_animation=&raquo;none&raquo;][vc_column column_padding=&raquo;no-extra-padding&raquo; column_padding_tablet=&raquo;inherit&raquo; column_padding_phone=&raquo;inherit&raquo; column_padding_position=&raquo;all&raquo; column_element_direction_desktop=&raquo;default&raquo; column_element_spacing=&raquo;default&raquo; desktop_text_alignment=&raquo;default&raquo; tablet_text_alignment=&raquo;default&raquo; phone_text_alignment=&raquo;default&raquo; background_color_opacity=&raquo;1&#8243; background_hover_color_opacity=&raquo;1&#8243; column_backdrop_filter=&raquo;none&raquo; column_shadow=&raquo;none&raquo; column_border_radius=&raquo;none&raquo; column_link_target=&raquo;_self&raquo; column_position=&raquo;default&raquo; gradient_direction=&raquo;left_to_right&raquo; overlay_strength=&raquo;0.3&#8243; width=&raquo;1\/1&#8243; tablet_width_inherit=&raquo;default&raquo; animation_type=&raquo;default&raquo; bg_image_animation=&raquo;none&raquo; border_type=&raquo;simple&raquo; column_border_width=&raquo;none&raquo; column_border_style=&raquo;solid&raquo;][toggles style=&raquo;minimal&raquo;][toggle color=&raquo;Default&raquo; heading_tag=&raquo;default&raquo; heading_tag_functionality=&raquo;default&raquo; title=&raquo;ALLE INGREDIENSER&raquo;][vc_column_text]Cocos nucifera (kokos) fr\u00f8olje, Cera alba (bivoks), Helianthus annuus (solsikke) fr\u00f8olje, Olea europaea (oliven) fruktolje, Butyrospermum parkii (shea) fr\u00f8sm\u00f8r, Persea gratissima (avokado) fruktolje, Vitis vinifera (druekjerne) fr\u00f8olje, Mangifera indica (mango) fr\u00f8sm\u00f8r, [Cocos nucifera (kokos) olje; Aloe barbadensis bladekstrakt], Cannabis sativa fr\u00f8ekstrakt (hampfr\u00f8sm\u00f8r), Tocopherol (vitamin E), Oryza sativa (ris) kliolje, Mauritia flexuosa (buriti) fruktolje, Myroxylon pereirae (perubalsam) barkolje, Vanilla planifolia (vanilje) olje, Lycium barbarum (gojib\u00e6r) fruktekstrakt, Hibiscus sabdariffa (hibiskus) blomsterekstrakt, Aspalathus linearis (rooibos) bladekstrakt, Rhodiola rosea rotekstrakt, Rosmarinus officinalis (rosmarin) bladekstrakt, Glycyrrhiza glabra\/uralensis (lakris) rotekstrakt, Borago officinalis (agurkurt) fr\u00f8olje, Oenothera biennis (kveldsvikke) fr\u00f8olje, Camellia sinensis (gr\u00f8nn te) bladekstrakt, Centella asiatica (gotu kola) bladekstrakt, Echinacea purpurea blomsterekstrakt, Symphytum officinale (valurt) rotekstrakt, Bixa orellana (annatto) fr\u00f8ekstrakt, Lavandula intermedia (lavendel) blomsterekstrakt, Plantago lanceolata (groblad) bladekstrakt, Ginkgo biloba bladekstrakt, Phyllanthus emblica (amla) fruktekstrakt, Equisetum arvense (kjerringrokk) bladekstrakt, Theobroma cacao (kakao) fr\u00f8ekstrakt, Helichrysum stoechas (evighetsblomst) blomsterekstrakt, Rosa centifolia (rose) blomsterekstrakt, Melissa officinalis (sitronmelisse) bladekstrakt, Calendula officinalis (ringblomst) blomsterekstrakt, Withania somnifera (ashwagandha) rotekstrakt, Symphytum officinale (valurt) bladekstrakt, Glycyrrhiza glabra (lakris) rot, Silybum marianum (mariatistel) fr\u00f8ekstrakt, Rosmarinus officinalis (rosmarin) bladolje, Boswellia sacra (frankincense) ekstrakt, Euterpe oleracea (acai) fruktekstrakt, Viola tricolor (stemorsblomst) bladekstrakt, Nelumbo nucifera (lotus) st\u00f8vdrager-ekstrakt, Benzyl alcohol*, Benzyl benzoate*, Benzyl cinnamate*, Limonene*<br \/>\n*Naturlige bestanddeler av eteriske oljer<\/p>\n<p>Fri for giftige ingredienser, sterke kjemikalier, syntetiske stoffer, sulfater, kunstige dufter eller farger, dyreprodukter eller gluten. Ikke testet p\u00e5 dyr. Egnet for vegetarianere.<\/p>\n<p>[\/vc_column_text][\/toggle][\/toggles][\/vc_column][\/vc_row]<\/p>\n","protected":false},"featured_media":2142,"comment_status":"open","ping_status":"closed","template":"","meta":{"_acf_changed":false,"inline_featured_image":false},"product_brand":[],"product_cat":[47],"product_tag":[],"class_list":{"0":"post-1717","1":"product","2":"type-product","3":"status-publish","4":"has-post-thumbnail","6":"product_cat-fuktighetskremer","8":"first","9":"instock","10":"taxable","11":"shipping-taxable","12":"purchasable","13":"product-type-simple"},"acf":[],"yoast_head":"<!-- This site is optimized with the Yoast SEO Premium plugin v27.0 (Yoast SEO v27.0) - https:\/\/yoast.com\/product\/yoast-seo-premium-wordpress\/ -->\n<title>Antioxidant Beauty Butter | Eksklusiv ansikts- og kroppspleie<\/title>\n<meta name=\"description\" content=\"Antioxidant Beauty Butter er den ultimate velv\u00e6re n\u00e5r huden din trenger noe ekstra. Denne gylne, ultrarike og hudfornyende ansikts- og kroppssm\u00f8ren er en luksuri\u00f8s blanding av n\u00e6ringsrike fr\u00f8sm\u00f8r og oljer.\" \/>\n<meta name=\"robots\" content=\"index, follow, max-snippet:-1, max-image-preview:large, max-video-preview:-1\" \/>\n<link rel=\"canonical\" href=\"https:\/\/indiicreations.com\/no\/produkt\/antioxidant-beauty-butter\/\" \/>\n<meta property=\"og:locale\" content=\"nb_NO\" \/>\n<meta property=\"og:type\" content=\"article\" \/>\n<meta property=\"og:title\" content=\"Antioxidant Beauty Butter\" \/>\n<meta property=\"og:description\" content=\"Antioxidant Beauty Butter er den ultimate velv\u00e6re n\u00e5r huden din trenger noe ekstra. Denne gylne, ultrarike og hudfornyende ansikts- og kroppssm\u00f8ren er en luksuri\u00f8s blanding av n\u00e6ringsrike fr\u00f8sm\u00f8r og oljer.\" \/>\n<meta property=\"og:url\" content=\"https:\/\/indiicreations.com\/no\/produkt\/antioxidant-beauty-butter\/\" \/>\n<meta property=\"og:site_name\" content=\"INDII\" \/>\n<meta property=\"article:modified_time\" content=\"2026-03-23T20:02:39+00:00\" \/>\n<meta property=\"og:image\" content=\"https:\/\/indiicreations.com\/wp-content\/uploads\/2023\/04\/INDII__Antioxidant_Beauty_Butter_lavoppl-8-1.jpg\" \/>\n\t<meta property=\"og:image:width\" content=\"379\" \/>\n\t<meta property=\"og:image:height\" content=\"531\" \/>\n\t<meta property=\"og:image:type\" content=\"image\/jpeg\" \/>\n<meta name=\"twitter:card\" content=\"summary_large_image\" \/>\n<meta name=\"twitter:label1\" content=\"Ansl. lesetid\" \/>\n\t<meta name=\"twitter:data1\" content=\"1 minutt\" \/>\n<script type=\"application\/ld+json\" class=\"yoast-schema-graph\">{\"@context\":\"https:\/\/schema.org\",\"@graph\":[{\"@type\":\"WebPage\",\"@id\":\"https:\/\/indiicreations.com\/no\/produkt\/antioxidant-beauty-butter\/\",\"url\":\"https:\/\/indiicreations.com\/no\/produkt\/antioxidant-beauty-butter\/\",\"name\":\"Antioxidant Beauty Butter | Eksklusiv ansikts- og kroppspleie\",\"isPartOf\":{\"@id\":\"https:\/\/indiicreations.com\/no\/#website\"},\"primaryImageOfPage\":{\"@id\":\"https:\/\/indiicreations.com\/no\/produkt\/antioxidant-beauty-butter\/#primaryimage\"},\"image\":{\"@id\":\"https:\/\/indiicreations.com\/no\/produkt\/antioxidant-beauty-butter\/#primaryimage\"},\"thumbnailUrl\":\"https:\/\/indiicreations.com\/wp-content\/uploads\/2023\/04\/INDII__Antioxidant_Beauty_Butter_lavoppl-8-1.jpg\",\"datePublished\":\"2023-04-04T12:41:48+00:00\",\"dateModified\":\"2026-03-23T20:02:39+00:00\",\"description\":\"Antioxidant Beauty Butter er den ultimate velv\u00e6re n\u00e5r huden din trenger noe ekstra. Denne gylne, ultrarike og hudfornyende ansikts- og kroppssm\u00f8ren er en luksuri\u00f8s blanding av n\u00e6ringsrike fr\u00f8sm\u00f8r og oljer.\",\"breadcrumb\":{\"@id\":\"https:\/\/indiicreations.com\/no\/produkt\/antioxidant-beauty-butter\/#breadcrumb\"},\"inLanguage\":\"nb-NO\",\"potentialAction\":[{\"@type\":\"ReadAction\",\"target\":[\"https:\/\/indiicreations.com\/no\/produkt\/antioxidant-beauty-butter\/\"]}]},{\"@type\":\"ImageObject\",\"inLanguage\":\"nb-NO\",\"@id\":\"https:\/\/indiicreations.com\/no\/produkt\/antioxidant-beauty-butter\/#primaryimage\",\"url\":\"https:\/\/indiicreations.com\/wp-content\/uploads\/2023\/04\/INDII__Antioxidant_Beauty_Butter_lavoppl-8-1.jpg\",\"contentUrl\":\"https:\/\/indiicreations.com\/wp-content\/uploads\/2023\/04\/INDII__Antioxidant_Beauty_Butter_lavoppl-8-1.jpg\",\"width\":379,\"height\":531},{\"@type\":\"BreadcrumbList\",\"@id\":\"https:\/\/indiicreations.com\/no\/produkt\/antioxidant-beauty-butter\/#breadcrumb\",\"itemListElement\":[{\"@type\":\"ListItem\",\"position\":1,\"name\":\"Home\",\"item\":\"https:\/\/indiicreations.com\/no\/\"},{\"@type\":\"ListItem\",\"position\":2,\"name\":\"Produkter\",\"item\":\"https:\/\/indiicreations.com\/no\/butikk\/\"},{\"@type\":\"ListItem\",\"position\":3,\"name\":\"Antioxidant Beauty Butter\"}]},{\"@type\":\"WebSite\",\"@id\":\"https:\/\/indiicreations.com\/no\/#website\",\"url\":\"https:\/\/indiicreations.com\/no\/\",\"name\":\"INDII\",\"description\":\"Transform your skin with INDII - for a radiant, healthy glow!\",\"publisher\":{\"@id\":\"https:\/\/indiicreations.com\/no\/#organization\"},\"potentialAction\":[{\"@type\":\"SearchAction\",\"target\":{\"@type\":\"EntryPoint\",\"urlTemplate\":\"https:\/\/indiicreations.com\/no\/?s={search_term_string}\"},\"query-input\":{\"@type\":\"PropertyValueSpecification\",\"valueRequired\":true,\"valueName\":\"search_term_string\"}}],\"inLanguage\":\"nb-NO\"},{\"@type\":\"Organization\",\"@id\":\"https:\/\/indiicreations.com\/no\/#organization\",\"name\":\"INDII Creations\",\"url\":\"https:\/\/indiicreations.com\/no\/\",\"logo\":{\"@type\":\"ImageObject\",\"inLanguage\":\"nb-NO\",\"@id\":\"https:\/\/indiicreations.com\/no\/#\/schema\/logo\/image\/\",\"url\":\"https:\/\/indiicreations.com\/wp-content\/uploads\/2023\/08\/Indii_logo_svart.svg\",\"contentUrl\":\"https:\/\/indiicreations.com\/wp-content\/uploads\/2023\/08\/Indii_logo_svart.svg\",\"width\":\"1024\",\"height\":\"1024\",\"caption\":\"INDII Creations\"},\"image\":{\"@id\":\"https:\/\/indiicreations.com\/no\/#\/schema\/logo\/image\/\"},\"sameAs\":[\"https:\/\/www.instagram.com\/indii.no\/\"]}]}<\/script>\n<!-- \/ Yoast SEO Premium plugin. -->","yoast_head_json":{"title":"Antioxidant Beauty Butter | Eksklusiv ansikts- og kroppspleie","description":"Antioxidant Beauty Butter er den ultimate velv\u00e6re n\u00e5r huden din trenger noe ekstra. Denne gylne, ultrarike og hudfornyende ansikts- og kroppssm\u00f8ren er en luksuri\u00f8s blanding av n\u00e6ringsrike fr\u00f8sm\u00f8r og oljer.","robots":{"index":"index","follow":"follow","max-snippet":"max-snippet:-1","max-image-preview":"max-image-preview:large","max-video-preview":"max-video-preview:-1"},"canonical":"https:\/\/indiicreations.com\/no\/produkt\/antioxidant-beauty-butter\/","og_locale":"nb_NO","og_type":"article","og_title":"Antioxidant Beauty Butter","og_description":"Antioxidant Beauty Butter er den ultimate velv\u00e6re n\u00e5r huden din trenger noe ekstra. Denne gylne, ultrarike og hudfornyende ansikts- og kroppssm\u00f8ren er en luksuri\u00f8s blanding av n\u00e6ringsrike fr\u00f8sm\u00f8r og oljer.","og_url":"https:\/\/indiicreations.com\/no\/produkt\/antioxidant-beauty-butter\/","og_site_name":"INDII","article_modified_time":"2026-03-23T20:02:39+00:00","og_image":[{"width":379,"height":531,"url":"https:\/\/indiicreations.com\/wp-content\/uploads\/2023\/04\/INDII__Antioxidant_Beauty_Butter_lavoppl-8-1.jpg","type":"image\/jpeg"}],"twitter_card":"summary_large_image","twitter_misc":{"Ansl. lesetid":"1 minutt"},"schema":{"@context":"https:\/\/schema.org","@graph":[{"@type":"WebPage","@id":"https:\/\/indiicreations.com\/no\/produkt\/antioxidant-beauty-butter\/","url":"https:\/\/indiicreations.com\/no\/produkt\/antioxidant-beauty-butter\/","name":"Antioxidant Beauty Butter | Eksklusiv ansikts- og kroppspleie","isPartOf":{"@id":"https:\/\/indiicreations.com\/no\/#website"},"primaryImageOfPage":{"@id":"https:\/\/indiicreations.com\/no\/produkt\/antioxidant-beauty-butter\/#primaryimage"},"image":{"@id":"https:\/\/indiicreations.com\/no\/produkt\/antioxidant-beauty-butter\/#primaryimage"},"thumbnailUrl":"https:\/\/indiicreations.com\/wp-content\/uploads\/2023\/04\/INDII__Antioxidant_Beauty_Butter_lavoppl-8-1.jpg","datePublished":"2023-04-04T12:41:48+00:00","dateModified":"2026-03-23T20:02:39+00:00","description":"Antioxidant Beauty Butter er den ultimate velv\u00e6re n\u00e5r huden din trenger noe ekstra. Denne gylne, ultrarike og hudfornyende ansikts- og kroppssm\u00f8ren er en luksuri\u00f8s blanding av n\u00e6ringsrike fr\u00f8sm\u00f8r og oljer.","breadcrumb":{"@id":"https:\/\/indiicreations.com\/no\/produkt\/antioxidant-beauty-butter\/#breadcrumb"},"inLanguage":"nb-NO","potentialAction":[{"@type":"ReadAction","target":["https:\/\/indiicreations.com\/no\/produkt\/antioxidant-beauty-butter\/"]}]},{"@type":"ImageObject","inLanguage":"nb-NO","@id":"https:\/\/indiicreations.com\/no\/produkt\/antioxidant-beauty-butter\/#primaryimage","url":"https:\/\/indiicreations.com\/wp-content\/uploads\/2023\/04\/INDII__Antioxidant_Beauty_Butter_lavoppl-8-1.jpg","contentUrl":"https:\/\/indiicreations.com\/wp-content\/uploads\/2023\/04\/INDII__Antioxidant_Beauty_Butter_lavoppl-8-1.jpg","width":379,"height":531},{"@type":"BreadcrumbList","@id":"https:\/\/indiicreations.com\/no\/produkt\/antioxidant-beauty-butter\/#breadcrumb","itemListElement":[{"@type":"ListItem","position":1,"name":"Home","item":"https:\/\/indiicreations.com\/no\/"},{"@type":"ListItem","position":2,"name":"Produkter","item":"https:\/\/indiicreations.com\/no\/butikk\/"},{"@type":"ListItem","position":3,"name":"Antioxidant Beauty Butter"}]},{"@type":"WebSite","@id":"https:\/\/indiicreations.com\/no\/#website","url":"https:\/\/indiicreations.com\/no\/","name":"INDII","description":"Transform your skin with INDII - for a radiant, healthy glow!","publisher":{"@id":"https:\/\/indiicreations.com\/no\/#organization"},"potentialAction":[{"@type":"SearchAction","target":{"@type":"EntryPoint","urlTemplate":"https:\/\/indiicreations.com\/no\/?s={search_term_string}"},"query-input":{"@type":"PropertyValueSpecification","valueRequired":true,"valueName":"search_term_string"}}],"inLanguage":"nb-NO"},{"@type":"Organization","@id":"https:\/\/indiicreations.com\/no\/#organization","name":"INDII Creations","url":"https:\/\/indiicreations.com\/no\/","logo":{"@type":"ImageObject","inLanguage":"nb-NO","@id":"https:\/\/indiicreations.com\/no\/#\/schema\/logo\/image\/","url":"https:\/\/indiicreations.com\/wp-content\/uploads\/2023\/08\/Indii_logo_svart.svg","contentUrl":"https:\/\/indiicreations.com\/wp-content\/uploads\/2023\/08\/Indii_logo_svart.svg","width":"1024","height":"1024","caption":"INDII Creations"},"image":{"@id":"https:\/\/indiicreations.com\/no\/#\/schema\/logo\/image\/"},"sameAs":["https:\/\/www.instagram.com\/indii.no\/"]}]}},"jetpack_sharing_enabled":true,"_links":{"self":[{"href":"https:\/\/indiicreations.com\/no\/wp-json\/wp\/v2\/product\/1717","targetHints":{"allow":["GET"]}}],"collection":[{"href":"https:\/\/indiicreations.com\/no\/wp-json\/wp\/v2\/product"}],"about":[{"href":"https:\/\/indiicreations.com\/no\/wp-json\/wp\/v2\/types\/product"}],"replies":[{"embeddable":true,"href":"https:\/\/indiicreations.com\/no\/wp-json\/wp\/v2\/comments?post=1717"}],"wp:featuredmedia":[{"embeddable":true,"href":"https:\/\/indiicreations.com\/no\/wp-json\/wp\/v2\/media\/2142"}],"wp:attachment":[{"href":"https:\/\/indiicreations.com\/no\/wp-json\/wp\/v2\/media?parent=1717"}],"wp:term":[{"taxonomy":"product_brand","embeddable":true,"href":"https:\/\/indiicreations.com\/no\/wp-json\/wp\/v2\/product_brand?post=1717"},{"taxonomy":"product_cat","embeddable":true,"href":"https:\/\/indiicreations.com\/no\/wp-json\/wp\/v2\/product_cat?post=1717"},{"taxonomy":"product_tag","embeddable":true,"href":"https:\/\/indiicreations.com\/no\/wp-json\/wp\/v2\/product_tag?post=1717"}],"curies":[{"name":"wp","href":"https:\/\/api.w.org\/{rel}","templated":true}]}}