{"id":1716,"date":"2023-04-04T12:41:48","date_gmt":"2023-04-04T12:41:48","guid":{"rendered":"https:\/\/indiicreations.com\/product\/coco-cucumber\/"},"modified":"2026-01-16T14:43:14","modified_gmt":"2026-01-16T14:43:14","slug":"coco-cucumber","status":"publish","type":"product","link":"https:\/\/indiicreations.com\/no\/produkt\/coco-cucumber\/","title":{"rendered":"Coco Cucumber"},"content":{"rendered":"[vc_row type=&raquo;full_width_background&raquo; full_screen_row_position=&raquo;middle&raquo; column_margin=&raquo;default&raquo; column_direction=&raquo;default&raquo; column_direction_tablet=&raquo;default&raquo; column_direction_phone=&raquo;default&raquo; scene_position=&raquo;center&raquo; top_padding=&raquo;4%&raquo; constrain_group_1=&raquo;yes&raquo; bottom_padding=&raquo;4%&raquo; text_color=&raquo;dark&raquo; text_align=&raquo;left&raquo; row_border_radius=&raquo;none&raquo; row_border_radius_applies=&raquo;bg&raquo; overflow=&raquo;visible&raquo; overlay_strength=&raquo;1&#8243; gradient_direction=&raquo;left_to_right&raquo; shape_divider_position=&raquo;bottom&raquo; bg_image_animation=&raquo;none&raquo; gradient_type=&raquo;default&raquo; shape_type=&raquo;&raquo;][vc_column column_padding=&raquo;no-extra-padding&raquo; column_padding_tablet=&raquo;inherit&raquo; column_padding_phone=&raquo;inherit&raquo; column_padding_position=&raquo;all&raquo; column_element_direction_desktop=&raquo;default&raquo; column_element_spacing=&raquo;default&raquo; desktop_text_alignment=&raquo;default&raquo; tablet_text_alignment=&raquo;default&raquo; phone_text_alignment=&raquo;default&raquo; background_color_opacity=&raquo;1&#8243; background_hover_color_opacity=&raquo;1&#8243; column_backdrop_filter=&raquo;none&raquo; column_shadow=&raquo;none&raquo; column_border_radius=&raquo;none&raquo; column_link_target=&raquo;_self&raquo; column_position=&raquo;default&raquo; gradient_direction=&raquo;left_to_right&raquo; overlay_strength=&raquo;0.3&#8243; width=&raquo;1\/1&#8243; tablet_width_inherit=&raquo;default&raquo; animation_type=&raquo;default&raquo; bg_image_animation=&raquo;none&raquo; border_type=&raquo;simple&raquo; column_border_width=&raquo;none&raquo; column_border_style=&raquo;solid&raquo;][vc_row_inner column_margin=&raquo;default&raquo; column_direction=&raquo;default&raquo; column_direction_tablet=&raquo;default&raquo; column_direction_phone=&raquo;default&raquo; text_align=&raquo;left&raquo; row_position=&raquo;default&raquo; row_position_tablet=&raquo;inherit&raquo; row_position_phone=&raquo;inherit&raquo; overflow=&raquo;visible&raquo; pointer_events=&raquo;all&raquo;][vc_column_inner column_padding=&raquo;no-extra-padding&raquo; column_padding_tablet=&raquo;inherit&raquo; column_padding_phone=&raquo;inherit&raquo; column_padding_position=&raquo;all&raquo; column_element_direction_desktop=&raquo;default&raquo; column_element_spacing=&raquo;default&raquo; desktop_text_alignment=&raquo;default&raquo; tablet_text_alignment=&raquo;default&raquo; phone_text_alignment=&raquo;default&raquo; background_color_opacity=&raquo;1&#8243; background_hover_color_opacity=&raquo;1&#8243; column_backdrop_filter=&raquo;none&raquo; column_shadow=&raquo;none&raquo; column_border_radius=&raquo;none&raquo; column_link_target=&raquo;_self&raquo; overflow=&raquo;visible&raquo; gradient_direction=&raquo;left_to_right&raquo; overlay_strength=&raquo;0.3&#8243; width=&raquo;2\/3&#8243; tablet_width_inherit=&raquo;default&raquo; animation_type=&raquo;default&raquo; bg_image_animation=&raquo;none&raquo; border_type=&raquo;simple&raquo; column_border_width=&raquo;none&raquo; column_border_style=&raquo;solid&raquo;][vc_column_text css_animation=&raquo;none&raquo; max_width=&raquo;750&#8243;]\n<h1><em>Hvordan bruke \/ Mine tips og triks<\/em><\/h1>\n<p>Denne beroligende rensen er en velsignelse for sensitiv hud. P\u00e5f\u00f8r 1-2 pump p\u00e5 fuktig eller t\u00f8rr hud i ansikt og p\u00e5 hals, og mass\u00e9r forsiktig inn. Skal du fjerne sminke? Rens to ganger.<\/p>\n<p>Hvis huden din f\u00f8les t\u00f8rr uansett hvor mye fuktighetskrem du bruker, og viser tidlige aldringstegn, kan det hende at rensen din er for alkalisk. En ideell rens er fri for sterke kjemikalier, holder huden fuktet og er pH-balansert for \u00e5 bevare hudens naturlige fuktighetsbarriere og syrekappe \u2013 den beskyttende hinnen mot bakterier og ubalanser.<\/p>\n<p>En rens som er for alkalisk eller for sur, svekker hudens naturlige beskyttelsesbarriere og gj\u00f8r den s\u00e5rbar for problemer eller t\u00f8rrhet.<\/p>\n<p>Velg riktig rens for din hud \u2013 og skap grunnlaget for best mulig resultater fra din hudpleierutine.[\/vc_column_text][\/vc_column_inner][vc_column_inner column_padding=&raquo;no-extra-padding&raquo; column_padding_tablet=&raquo;inherit&raquo; column_padding_phone=&raquo;inherit&raquo; column_padding_position=&raquo;all&raquo; column_element_direction_desktop=&raquo;default&raquo; column_element_spacing=&raquo;default&raquo; desktop_text_alignment=&raquo;default&raquo; tablet_text_alignment=&raquo;default&raquo; phone_text_alignment=&raquo;default&raquo; background_color_opacity=&raquo;1&#8243; background_hover_color_opacity=&raquo;1&#8243; column_backdrop_filter=&raquo;none&raquo; column_shadow=&raquo;none&raquo; column_border_radius=&raquo;none&raquo; column_link_target=&raquo;_self&raquo; overflow=&raquo;visible&raquo; gradient_direction=&raquo;left_to_right&raquo; overlay_strength=&raquo;0.3&#8243; width=&raquo;1\/3&#8243; tablet_width_inherit=&raquo;default&raquo; animation_type=&raquo;default&raquo; bg_image_animation=&raquo;none&raquo; border_type=&raquo;simple&raquo; column_border_width=&raquo;none&raquo; column_border_style=&raquo;solid&raquo;][nectar_video_player_self_hosted video_mp4=&raquo;https:\/\/indiicreations.com\/wp-content\/uploads\/2023\/04\/INDII__Coco_cucumber_SVABERG.mp4&#8243; el_aspect=&raquo;916&#8243; el_aspect_phone=&raquo;916&#8243; player_functionality=&raquo;default&raquo; hide_controls=&raquo;yes&raquo; loop=&raquo;yes&raquo; autoplay=&raquo;yes&raquo; video_loading=&raquo;default&raquo; border_radius=&raquo;none&raquo; box_shadow=&raquo;none&raquo; advanced_gradient_display_type=&raquo;linear&raquo;][\/vc_column_inner][\/vc_row_inner][\/vc_column][\/vc_row]\n","protected":false},"excerpt":{"rendered":"<p>[nectar_global_section id=&raquo;317&#8243;]<\/p>\n<div class=\"page\" title=\"Side 1\">\n<div class=\"section\">\n<div class=\"layoutArea\">\n<div class=\"column\">\n<p>Denne silkemyke, lette og kremete rensen med beroligende agurk og pleiende aloe vera renser selv den mest sensitive hud.<\/p>\n<\/div>\n<\/div>\n<div class=\"layoutArea\">\n<div class=\"column\">\n<div class=\"page\" title=\"Side 1\">\n<div class=\"section\">\n<div class=\"layoutArea\">\n<div class=\"column\">\n<p>En luksuri\u00f8s rens til b\u00e5de ansikt og \u00f8yne som forsiktig fjerner urenheter uten \u00e5 strippe huden for sin naturlige beskyttelsesbarriere.<br \/>\nUnn deg den ultimate renseopplevelsen for optimal hudpleie.<\/p>\n<\/div>\n<\/div>\n<\/div>\n<\/div>\n<\/div>\n<\/div>\n<\/div>\n<\/div>\n<p>[nectar_global_section id=&raquo;317&#8243;]<\/p>\n<p>FORDELER<\/p>\n<p>Opplev de beroligende og kj\u00f8lende fordelene med v\u00e5r pH-balanserte, fuktighetsgivende rens, med antimikrobielle egenskaper \u2013 helt fri for sulfater og sterke kjemikalier, konserveret med ospbarkekstrakt.<\/p>\n<p>[nectar_global_section id=&raquo;317&#8243;]<\/p>\n<p>N\u00d8KKELINGREDIENSER<\/p>\n<p>Aloe vera, jomfrukokosolje, agurkdestillat, lavendelekstrakt, ringblomstekstrakt, kamilleekstrakt<\/p>\n<p>[nectar_global_section id=&raquo;317&#8243;]<\/p>\n<p>[vc_row type=&raquo;in_container&raquo; full_screen_row_position=&raquo;middle&raquo; column_margin=&raquo;default&raquo; column_direction=&raquo;default&raquo; column_direction_tablet=&raquo;default&raquo; column_direction_phone=&raquo;default&raquo; scene_position=&raquo;center&raquo; text_color=&raquo;dark&raquo; text_align=&raquo;left&raquo; row_border_radius=&raquo;none&raquo; row_border_radius_applies=&raquo;bg&raquo; overflow=&raquo;visible&raquo; overlay_strength=&raquo;0.3&#8243; gradient_direction=&raquo;left_to_right&raquo; shape_divider_position=&raquo;bottom&raquo; bg_image_animation=&raquo;none&raquo;][vc_column column_padding=&raquo;no-extra-padding&raquo; column_padding_tablet=&raquo;inherit&raquo; column_padding_phone=&raquo;inherit&raquo; column_padding_position=&raquo;all&raquo; column_element_direction_desktop=&raquo;default&raquo; column_element_spacing=&raquo;default&raquo; desktop_text_alignment=&raquo;default&raquo; tablet_text_alignment=&raquo;default&raquo; phone_text_alignment=&raquo;default&raquo; background_color_opacity=&raquo;1&#8243; background_hover_color_opacity=&raquo;1&#8243; column_backdrop_filter=&raquo;none&raquo; column_shadow=&raquo;none&raquo; column_border_radius=&raquo;none&raquo; column_link_target=&raquo;_self&raquo; column_position=&raquo;default&raquo; gradient_direction=&raquo;left_to_right&raquo; overlay_strength=&raquo;0.3&#8243; width=&raquo;1\/1&#8243; tablet_width_inherit=&raquo;default&raquo; animation_type=&raquo;default&raquo; bg_image_animation=&raquo;none&raquo; border_type=&raquo;simple&raquo; column_border_width=&raquo;none&raquo; column_border_style=&raquo;solid&raquo;][toggles style=&raquo;minimal&raquo;][toggle color=&raquo;Default&raquo; heading_tag=&raquo;default&raquo; heading_tag_functionality=&raquo;default&raquo; title=&raquo;ALLE INGREDIENSER&raquo;][vc_column_text]Aqua (vann), [Sodium lauryl glucose carboxylate; Lauryl glucoside (planteoljer og stivelse)], Cocos nucifera (kokos) fr\u00f8olje, glyserin, Aloe barbadensis (aloe vera) bladjuice, Cucumis sativus (agurk) fruktvann, Populus tremuloides (osp) barkekstrakt, Hibiscus sabdariffa (hibiskus) blomsterekstrakt, Lavandula intermedia (lavendel) blomsterekstrakt, Rosa centifolia (rose) blomsterekstrakt, Calendula officinalis (ringblomst) blomsterekstrakt, Chamomilla recutita (kamille) blomsterekstrakt, Xantangummi, Sodium gluconate<\/p>\n<p>Fri for giftige ingredienser, sterke kjemikalier, syntetiske stoffer, sulfater, kunstige dufter eller farger, dyreprodukter eller gluten. Ikke testet p\u00e5 dyr. Egnet for veganere. [\/vc_column_text][\/toggle][\/toggles][\/vc_column][\/vc_row]<\/p>\n","protected":false},"featured_media":2191,"comment_status":"open","ping_status":"closed","template":"","meta":{"_acf_changed":false,"inline_featured_image":false},"product_brand":[],"product_cat":[45],"product_tag":[],"class_list":{"0":"post-1716","1":"product","2":"type-product","3":"status-publish","4":"has-post-thumbnail","6":"product_cat-rens","8":"first","9":"instock","10":"taxable","11":"shipping-taxable","12":"purchasable","13":"product-type-simple"},"acf":[],"yoast_head":"<!-- This site is optimized with the Yoast SEO Premium plugin v27.0 (Yoast SEO v27.0) - https:\/\/yoast.com\/product\/yoast-seo-premium-wordpress\/ -->\n<title>Coco Cucumber \u2013 Beroligende Silkemyk Ansiktsrens | INDII<\/title>\n<meta name=\"description\" content=\"Silkemyk Coco Cucumber ansiktsrens med beroligende agurk og aloe vera. pH-balansert, fri for sulfater og sk\u00e5nsom mot sensitiv hud.\" \/>\n<meta name=\"robots\" content=\"index, follow, max-snippet:-1, max-image-preview:large, max-video-preview:-1\" \/>\n<link rel=\"canonical\" href=\"https:\/\/indiicreations.com\/no\/produkt\/coco-cucumber\/\" \/>\n<meta property=\"og:locale\" content=\"nb_NO\" \/>\n<meta property=\"og:type\" content=\"article\" \/>\n<meta property=\"og:title\" content=\"Coco Cucumber\" \/>\n<meta property=\"og:description\" content=\"Silkemyk Coco Cucumber ansiktsrens med beroligende agurk og aloe vera. pH-balansert, fri for sulfater og sk\u00e5nsom mot sensitiv hud.\" \/>\n<meta property=\"og:url\" content=\"https:\/\/indiicreations.com\/no\/produkt\/coco-cucumber\/\" \/>\n<meta property=\"og:site_name\" content=\"INDII\" \/>\n<meta property=\"article:modified_time\" content=\"2026-01-16T14:43:14+00:00\" \/>\n<meta property=\"og:image\" content=\"https:\/\/indiicreations.com\/wp-content\/uploads\/2023\/04\/INDII__Coco_cucumber_lavoppl-4-1.jpg\" \/>\n\t<meta property=\"og:image:width\" content=\"379\" \/>\n\t<meta property=\"og:image:height\" content=\"531\" \/>\n\t<meta property=\"og:image:type\" content=\"image\/jpeg\" \/>\n<meta name=\"twitter:card\" content=\"summary_large_image\" \/>\n<meta name=\"twitter:label1\" content=\"Ansl. lesetid\" \/>\n\t<meta name=\"twitter:data1\" content=\"1 minutt\" \/>\n<script type=\"application\/ld+json\" class=\"yoast-schema-graph\">{\"@context\":\"https:\/\/schema.org\",\"@graph\":[{\"@type\":\"WebPage\",\"@id\":\"https:\/\/indiicreations.com\/no\/produkt\/coco-cucumber\/\",\"url\":\"https:\/\/indiicreations.com\/no\/produkt\/coco-cucumber\/\",\"name\":\"Coco Cucumber \u2013 Beroligende Silkemyk Ansiktsrens | INDII\",\"isPartOf\":{\"@id\":\"https:\/\/indiicreations.com\/no\/#website\"},\"primaryImageOfPage\":{\"@id\":\"https:\/\/indiicreations.com\/no\/produkt\/coco-cucumber\/#primaryimage\"},\"image\":{\"@id\":\"https:\/\/indiicreations.com\/no\/produkt\/coco-cucumber\/#primaryimage\"},\"thumbnailUrl\":\"https:\/\/indiicreations.com\/wp-content\/uploads\/2023\/04\/INDII__Coco_cucumber_lavoppl-4-1.jpg\",\"datePublished\":\"2023-04-04T12:41:48+00:00\",\"dateModified\":\"2026-01-16T14:43:14+00:00\",\"description\":\"Silkemyk Coco Cucumber ansiktsrens med beroligende agurk og aloe vera. pH-balansert, fri for sulfater og sk\u00e5nsom mot sensitiv hud.\",\"breadcrumb\":{\"@id\":\"https:\/\/indiicreations.com\/no\/produkt\/coco-cucumber\/#breadcrumb\"},\"inLanguage\":\"nb-NO\",\"potentialAction\":[{\"@type\":\"ReadAction\",\"target\":[\"https:\/\/indiicreations.com\/no\/produkt\/coco-cucumber\/\"]}]},{\"@type\":\"ImageObject\",\"inLanguage\":\"nb-NO\",\"@id\":\"https:\/\/indiicreations.com\/no\/produkt\/coco-cucumber\/#primaryimage\",\"url\":\"https:\/\/indiicreations.com\/wp-content\/uploads\/2023\/04\/INDII__Coco_cucumber_lavoppl-4-1.jpg\",\"contentUrl\":\"https:\/\/indiicreations.com\/wp-content\/uploads\/2023\/04\/INDII__Coco_cucumber_lavoppl-4-1.jpg\",\"width\":379,\"height\":531},{\"@type\":\"BreadcrumbList\",\"@id\":\"https:\/\/indiicreations.com\/no\/produkt\/coco-cucumber\/#breadcrumb\",\"itemListElement\":[{\"@type\":\"ListItem\",\"position\":1,\"name\":\"Home\",\"item\":\"https:\/\/indiicreations.com\/no\/\"},{\"@type\":\"ListItem\",\"position\":2,\"name\":\"Produkter\",\"item\":\"https:\/\/indiicreations.com\/no\/butikk\/\"},{\"@type\":\"ListItem\",\"position\":3,\"name\":\"Coco Cucumber\"}]},{\"@type\":\"WebSite\",\"@id\":\"https:\/\/indiicreations.com\/no\/#website\",\"url\":\"https:\/\/indiicreations.com\/no\/\",\"name\":\"INDII\",\"description\":\"Transform your skin with INDII - for a radiant, healthy glow!\",\"publisher\":{\"@id\":\"https:\/\/indiicreations.com\/no\/#organization\"},\"potentialAction\":[{\"@type\":\"SearchAction\",\"target\":{\"@type\":\"EntryPoint\",\"urlTemplate\":\"https:\/\/indiicreations.com\/no\/?s={search_term_string}\"},\"query-input\":{\"@type\":\"PropertyValueSpecification\",\"valueRequired\":true,\"valueName\":\"search_term_string\"}}],\"inLanguage\":\"nb-NO\"},{\"@type\":\"Organization\",\"@id\":\"https:\/\/indiicreations.com\/no\/#organization\",\"name\":\"INDII Creations\",\"url\":\"https:\/\/indiicreations.com\/no\/\",\"logo\":{\"@type\":\"ImageObject\",\"inLanguage\":\"nb-NO\",\"@id\":\"https:\/\/indiicreations.com\/no\/#\/schema\/logo\/image\/\",\"url\":\"https:\/\/indiicreations.com\/wp-content\/uploads\/2023\/08\/Indii_logo_svart.svg\",\"contentUrl\":\"https:\/\/indiicreations.com\/wp-content\/uploads\/2023\/08\/Indii_logo_svart.svg\",\"width\":\"1024\",\"height\":\"1024\",\"caption\":\"INDII Creations\"},\"image\":{\"@id\":\"https:\/\/indiicreations.com\/no\/#\/schema\/logo\/image\/\"},\"sameAs\":[\"https:\/\/www.instagram.com\/indii.no\/\"]}]}<\/script>\n<!-- \/ Yoast SEO Premium plugin. -->","yoast_head_json":{"title":"Coco Cucumber \u2013 Beroligende Silkemyk Ansiktsrens | INDII","description":"Silkemyk Coco Cucumber ansiktsrens med beroligende agurk og aloe vera. pH-balansert, fri for sulfater og sk\u00e5nsom mot sensitiv hud.","robots":{"index":"index","follow":"follow","max-snippet":"max-snippet:-1","max-image-preview":"max-image-preview:large","max-video-preview":"max-video-preview:-1"},"canonical":"https:\/\/indiicreations.com\/no\/produkt\/coco-cucumber\/","og_locale":"nb_NO","og_type":"article","og_title":"Coco Cucumber","og_description":"Silkemyk Coco Cucumber ansiktsrens med beroligende agurk og aloe vera. pH-balansert, fri for sulfater og sk\u00e5nsom mot sensitiv hud.","og_url":"https:\/\/indiicreations.com\/no\/produkt\/coco-cucumber\/","og_site_name":"INDII","article_modified_time":"2026-01-16T14:43:14+00:00","og_image":[{"width":379,"height":531,"url":"https:\/\/indiicreations.com\/wp-content\/uploads\/2023\/04\/INDII__Coco_cucumber_lavoppl-4-1.jpg","type":"image\/jpeg"}],"twitter_card":"summary_large_image","twitter_misc":{"Ansl. lesetid":"1 minutt"},"schema":{"@context":"https:\/\/schema.org","@graph":[{"@type":"WebPage","@id":"https:\/\/indiicreations.com\/no\/produkt\/coco-cucumber\/","url":"https:\/\/indiicreations.com\/no\/produkt\/coco-cucumber\/","name":"Coco Cucumber \u2013 Beroligende Silkemyk Ansiktsrens | INDII","isPartOf":{"@id":"https:\/\/indiicreations.com\/no\/#website"},"primaryImageOfPage":{"@id":"https:\/\/indiicreations.com\/no\/produkt\/coco-cucumber\/#primaryimage"},"image":{"@id":"https:\/\/indiicreations.com\/no\/produkt\/coco-cucumber\/#primaryimage"},"thumbnailUrl":"https:\/\/indiicreations.com\/wp-content\/uploads\/2023\/04\/INDII__Coco_cucumber_lavoppl-4-1.jpg","datePublished":"2023-04-04T12:41:48+00:00","dateModified":"2026-01-16T14:43:14+00:00","description":"Silkemyk Coco Cucumber ansiktsrens med beroligende agurk og aloe vera. pH-balansert, fri for sulfater og sk\u00e5nsom mot sensitiv hud.","breadcrumb":{"@id":"https:\/\/indiicreations.com\/no\/produkt\/coco-cucumber\/#breadcrumb"},"inLanguage":"nb-NO","potentialAction":[{"@type":"ReadAction","target":["https:\/\/indiicreations.com\/no\/produkt\/coco-cucumber\/"]}]},{"@type":"ImageObject","inLanguage":"nb-NO","@id":"https:\/\/indiicreations.com\/no\/produkt\/coco-cucumber\/#primaryimage","url":"https:\/\/indiicreations.com\/wp-content\/uploads\/2023\/04\/INDII__Coco_cucumber_lavoppl-4-1.jpg","contentUrl":"https:\/\/indiicreations.com\/wp-content\/uploads\/2023\/04\/INDII__Coco_cucumber_lavoppl-4-1.jpg","width":379,"height":531},{"@type":"BreadcrumbList","@id":"https:\/\/indiicreations.com\/no\/produkt\/coco-cucumber\/#breadcrumb","itemListElement":[{"@type":"ListItem","position":1,"name":"Home","item":"https:\/\/indiicreations.com\/no\/"},{"@type":"ListItem","position":2,"name":"Produkter","item":"https:\/\/indiicreations.com\/no\/butikk\/"},{"@type":"ListItem","position":3,"name":"Coco Cucumber"}]},{"@type":"WebSite","@id":"https:\/\/indiicreations.com\/no\/#website","url":"https:\/\/indiicreations.com\/no\/","name":"INDII","description":"Transform your skin with INDII - for a radiant, healthy glow!","publisher":{"@id":"https:\/\/indiicreations.com\/no\/#organization"},"potentialAction":[{"@type":"SearchAction","target":{"@type":"EntryPoint","urlTemplate":"https:\/\/indiicreations.com\/no\/?s={search_term_string}"},"query-input":{"@type":"PropertyValueSpecification","valueRequired":true,"valueName":"search_term_string"}}],"inLanguage":"nb-NO"},{"@type":"Organization","@id":"https:\/\/indiicreations.com\/no\/#organization","name":"INDII Creations","url":"https:\/\/indiicreations.com\/no\/","logo":{"@type":"ImageObject","inLanguage":"nb-NO","@id":"https:\/\/indiicreations.com\/no\/#\/schema\/logo\/image\/","url":"https:\/\/indiicreations.com\/wp-content\/uploads\/2023\/08\/Indii_logo_svart.svg","contentUrl":"https:\/\/indiicreations.com\/wp-content\/uploads\/2023\/08\/Indii_logo_svart.svg","width":"1024","height":"1024","caption":"INDII Creations"},"image":{"@id":"https:\/\/indiicreations.com\/no\/#\/schema\/logo\/image\/"},"sameAs":["https:\/\/www.instagram.com\/indii.no\/"]}]}},"jetpack_sharing_enabled":true,"_links":{"self":[{"href":"https:\/\/indiicreations.com\/no\/wp-json\/wp\/v2\/product\/1716","targetHints":{"allow":["GET"]}}],"collection":[{"href":"https:\/\/indiicreations.com\/no\/wp-json\/wp\/v2\/product"}],"about":[{"href":"https:\/\/indiicreations.com\/no\/wp-json\/wp\/v2\/types\/product"}],"replies":[{"embeddable":true,"href":"https:\/\/indiicreations.com\/no\/wp-json\/wp\/v2\/comments?post=1716"}],"wp:featuredmedia":[{"embeddable":true,"href":"https:\/\/indiicreations.com\/no\/wp-json\/wp\/v2\/media\/2191"}],"wp:attachment":[{"href":"https:\/\/indiicreations.com\/no\/wp-json\/wp\/v2\/media?parent=1716"}],"wp:term":[{"taxonomy":"product_brand","embeddable":true,"href":"https:\/\/indiicreations.com\/no\/wp-json\/wp\/v2\/product_brand?post=1716"},{"taxonomy":"product_cat","embeddable":true,"href":"https:\/\/indiicreations.com\/no\/wp-json\/wp\/v2\/product_cat?post=1716"},{"taxonomy":"product_tag","embeddable":true,"href":"https:\/\/indiicreations.com\/no\/wp-json\/wp\/v2\/product_tag?post=1716"}],"curies":[{"name":"wp","href":"https:\/\/api.w.org\/{rel}","templated":true}]}}