{"id":1715,"date":"2023-04-04T12:41:48","date_gmt":"2023-04-04T12:41:48","guid":{"rendered":"https:\/\/indiicreations.com\/product\/gentle-gem\/"},"modified":"2026-02-24T14:20:21","modified_gmt":"2026-02-24T14:20:21","slug":"gentle-gem","status":"publish","type":"product","link":"https:\/\/indiicreations.com\/no\/produkt\/gentle-gem\/","title":{"rendered":"Gentle Gem"},"content":{"rendered":"[vc_row type=&raquo;full_width_background&raquo; full_screen_row_position=&raquo;middle&raquo; column_margin=&raquo;default&raquo; column_direction=&raquo;default&raquo; column_direction_tablet=&raquo;default&raquo; column_direction_phone=&raquo;default&raquo; scene_position=&raquo;center&raquo; top_padding=&raquo;4%&raquo; constrain_group_1=&raquo;yes&raquo; bottom_padding=&raquo;4%&raquo; text_color=&raquo;dark&raquo; text_align=&raquo;left&raquo; row_border_radius=&raquo;none&raquo; row_border_radius_applies=&raquo;bg&raquo; overflow=&raquo;visible&raquo; overlay_strength=&raquo;1&#8243; gradient_direction=&raquo;left_to_right&raquo; shape_divider_position=&raquo;bottom&raquo; bg_image_animation=&raquo;none&raquo; gradient_type=&raquo;default&raquo; shape_type=&raquo;&raquo;][vc_column column_padding=&raquo;no-extra-padding&raquo; column_padding_tablet=&raquo;inherit&raquo; column_padding_phone=&raquo;inherit&raquo; column_padding_position=&raquo;all&raquo; column_element_direction_desktop=&raquo;default&raquo; column_element_spacing=&raquo;default&raquo; desktop_text_alignment=&raquo;default&raquo; tablet_text_alignment=&raquo;default&raquo; phone_text_alignment=&raquo;default&raquo; background_color_opacity=&raquo;1&#8243; background_hover_color_opacity=&raquo;1&#8243; column_backdrop_filter=&raquo;none&raquo; column_shadow=&raquo;none&raquo; column_border_radius=&raquo;none&raquo; column_link_target=&raquo;_self&raquo; column_position=&raquo;default&raquo; gradient_direction=&raquo;left_to_right&raquo; overlay_strength=&raquo;0.3&#8243; width=&raquo;1\/1&#8243; tablet_width_inherit=&raquo;default&raquo; animation_type=&raquo;default&raquo; bg_image_animation=&raquo;none&raquo; border_type=&raquo;simple&raquo; column_border_width=&raquo;none&raquo; column_border_style=&raquo;solid&raquo;][vc_row_inner column_margin=&raquo;default&raquo; column_direction=&raquo;default&raquo; column_direction_tablet=&raquo;default&raquo; column_direction_phone=&raquo;default&raquo; text_align=&raquo;left&raquo; row_position=&raquo;default&raquo; row_position_tablet=&raquo;inherit&raquo; row_position_phone=&raquo;inherit&raquo; overflow=&raquo;visible&raquo; pointer_events=&raquo;all&raquo;][vc_column_inner column_padding=&raquo;no-extra-padding&raquo; column_padding_tablet=&raquo;inherit&raquo; column_padding_phone=&raquo;inherit&raquo; column_padding_position=&raquo;all&raquo; column_element_direction_desktop=&raquo;default&raquo; column_element_spacing=&raquo;default&raquo; desktop_text_alignment=&raquo;default&raquo; tablet_text_alignment=&raquo;default&raquo; phone_text_alignment=&raquo;default&raquo; background_color_opacity=&raquo;1&#8243; background_hover_color_opacity=&raquo;1&#8243; column_backdrop_filter=&raquo;none&raquo; column_shadow=&raquo;none&raquo; column_border_radius=&raquo;none&raquo; column_link_target=&raquo;_self&raquo; overflow=&raquo;visible&raquo; gradient_direction=&raquo;left_to_right&raquo; overlay_strength=&raquo;0.3&#8243; width=&raquo;2\/3&#8243; tablet_width_inherit=&raquo;default&raquo; animation_type=&raquo;default&raquo; bg_image_animation=&raquo;none&raquo; border_type=&raquo;simple&raquo; column_border_width=&raquo;none&raquo; column_border_style=&raquo;solid&raquo;][vc_column_text max_width=&raquo;750&#8243;]\n<h1><em>Hvordan bruke \/ Mine tips og triks<\/em><\/h1>\n<div class=\"lightly-spaced-row not-in-quickbuy\">\n<div class=\"product-info-block\">\n<p>Jeg unner meg rikelig av denne oljen hver dag etter bading. Aromaen l\u00f8fter meg \u2013 jeg simpelthen elsker denne eliksiren. Den beste m\u00e5ten \u00e5 bruke denne guddommelige oljen p\u00e5 er \u00e5 p\u00e5f\u00f8re den umiddelbart etter en dusj eller et bad. Pump ut en eller to dr\u00e5per i h\u00e5ndflaten, gni hendene sammen for \u00e5 varme opp oljen, og mass\u00e9r den inn i varm, fuktig hud. Resultatet? Dybden\u00e6rt hud med en sunn, str\u00e5lende gl\u00f8d.<\/p>\n<p>&nbsp;<\/p>\n<p>&nbsp;<\/p>\n<\/div>\n<\/div>\n[\/vc_column_text][\/vc_column_inner][vc_column_inner column_padding=&raquo;no-extra-padding&raquo; column_padding_tablet=&raquo;inherit&raquo; column_padding_phone=&raquo;inherit&raquo; column_padding_position=&raquo;all&raquo; column_element_direction_desktop=&raquo;default&raquo; column_element_spacing=&raquo;default&raquo; desktop_text_alignment=&raquo;default&raquo; tablet_text_alignment=&raquo;default&raquo; phone_text_alignment=&raquo;default&raquo; background_color_opacity=&raquo;1&#8243; background_hover_color_opacity=&raquo;1&#8243; column_backdrop_filter=&raquo;none&raquo; column_shadow=&raquo;none&raquo; column_border_radius=&raquo;none&raquo; column_link_target=&raquo;_self&raquo; overflow=&raquo;visible&raquo; gradient_direction=&raquo;left_to_right&raquo; overlay_strength=&raquo;0.3&#8243; width=&raquo;1\/3&#8243; tablet_width_inherit=&raquo;default&raquo; animation_type=&raquo;default&raquo; bg_image_animation=&raquo;none&raquo; border_type=&raquo;simple&raquo; column_border_width=&raquo;none&raquo; column_border_style=&raquo;solid&raquo;][nectar_video_player_self_hosted video_mp4=&raquo;https:\/\/indiicreations.com\/wp-content\/uploads\/2023\/04\/INDII__GentleGem_HVIT.mp4&#8243; el_aspect=&raquo;916&#8243; el_aspect_phone=&raquo;916&#8243; player_functionality=&raquo;default&raquo; hide_controls=&raquo;yes&raquo; loop=&raquo;yes&raquo; autoplay=&raquo;yes&raquo; video_loading=&raquo;default&raquo; border_radius=&raquo;none&raquo; box_shadow=&raquo;none&raquo; advanced_gradient_display_type=&raquo;linear&raquo;][\/vc_column_inner][\/vc_row_inner][\/vc_column][\/vc_row]\n","protected":false},"excerpt":{"rendered":"<div dir=\"ltr\">\n<div class=\"page\" title=\"Side 1\">\n<div class=\"section\">\n<div class=\"layoutArea\">\n<div class=\"column\">\n<p>[nectar_global_section id=&raquo;317&#8243;]<\/p>\n<p style=\"font-weight: 400\">Denne kroppsoljen er en liten skatt i INDII-universet.<\/p>\n<p style=\"font-weight: 400\">Den rene duften av rose, jasmin, bergamot og lavendel gir deg en deilig, frisk og oppl\u00f8ftende f\u00f8lelse.<\/p>\n<p style=\"font-weight: 400\">Gentle Gem inneholder de reneste eteriske oljer som ikke bare dufter vidunderlig, men ogs\u00e5 har terapeutiske egenskaper for b\u00e5de kropp og sinn. I hver eneste lille flaske er det en liten edelsten &#8211; en Rosenkvarts &#8211; ogs\u00e5 kjent som kj\u00e6rlighetsstenen.<\/p>\n<\/div>\n<\/div>\n<\/div>\n<\/div>\n<\/div>\n<p>[nectar_global_section id=&raquo;317&#8243;]<\/p>\n<p>FORDELER Oppl\u00f8ftende, frisk, fuktighetsgivende og n\u00e6rende. Stimulerer hjertechakra.<\/p>\n<p>[nectar_global_section id=&raquo;317&#8243;]<\/p>\n<p>N\u00d8KKELINGREDIENSER Druekjerneolje med urter, solsikkeolje, jojobaolje, roseolje, nypefr\u00f8ekstrakt<\/p>\n<p>[nectar_global_section id=&raquo;317&#8243;]<\/p>\n<p>[vc_row type=&raquo;in_container&raquo; full_screen_row_position=&raquo;middle&raquo; column_margin=&raquo;default&raquo; column_direction=&raquo;default&raquo; column_direction_tablet=&raquo;default&raquo; column_direction_phone=&raquo;default&raquo; scene_position=&raquo;center&raquo; text_color=&raquo;dark&raquo; text_align=&raquo;left&raquo; row_border_radius=&raquo;none&raquo; row_border_radius_applies=&raquo;bg&raquo; overflow=&raquo;visible&raquo; overlay_strength=&raquo;0.3&#8243; gradient_direction=&raquo;left_to_right&raquo; shape_divider_position=&raquo;bottom&raquo; bg_image_animation=&raquo;none&raquo;][vc_column column_padding=&raquo;no-extra-padding&raquo; column_padding_tablet=&raquo;inherit&raquo; column_padding_phone=&raquo;inherit&raquo; column_padding_position=&raquo;all&raquo; column_element_direction_desktop=&raquo;default&raquo; column_element_spacing=&raquo;default&raquo; desktop_text_alignment=&raquo;default&raquo; tablet_text_alignment=&raquo;default&raquo; phone_text_alignment=&raquo;default&raquo; background_color_opacity=&raquo;1&#8243; background_hover_color_opacity=&raquo;1&#8243; column_backdrop_filter=&raquo;none&raquo; column_shadow=&raquo;none&raquo; column_border_radius=&raquo;none&raquo; column_link_target=&raquo;_self&raquo; column_position=&raquo;default&raquo; gradient_direction=&raquo;left_to_right&raquo; overlay_strength=&raquo;0.3&#8243; width=&raquo;1\/1&#8243; tablet_width_inherit=&raquo;default&raquo; animation_type=&raquo;default&raquo; bg_image_animation=&raquo;none&raquo; border_type=&raquo;simple&raquo; column_border_width=&raquo;none&raquo; column_border_style=&raquo;solid&raquo;][toggles style=&raquo;minimal&raquo;][toggle color=&raquo;Default&raquo; heading_tag=&raquo;default&raquo; heading_tag_functionality=&raquo;default&raquo; title=&raquo;ALLE INGREDIENSER&raquo;][vc_column_text]Helianthus annuus (solsikke) fr\u00f8olje, Vitis vinifera (druekjerne) fr\u00f8olje, Passiflora edulis (pasjonsfrukt) fr\u00f8olje, [Citrus bergamia (bergamott) skallolje; Litsea cubeba (may chang) fruktolje; Citrus limon (sitron) skallolje; Citrus paradisi (grapefrukt) skallolje; Aniba rosaeodora (rosentre) treolje; Cymbopogon flexuosus (sitrongress) olje; Cymbopogon winterianus urtelolje; Pogostemon cablin (patchouli) bladolje; Cananga odorata (ylang ylang) blomsterolje; Citrus aurantifolia (lime) skallolje; Cinnamomum zeylanicum (kanel) bladolje; Citrus aurantium (neroli) blomsterolje], Simmondsia chinensis (jojoba) fr\u00f8olje, Rosa rubiginosa (nype) fr\u00f8olje, Tocopherol (vitamin E), Lycium barbarum (gojib\u00e6r) fruktekstrakt, Prunella vulgaris (seljelyng) ekstrakt, Rosa centifolia (rose) olje, Lavandula intermedia (lavendel) blomsterekstrakt, Rosa centifolia (rose) blomsterekstrakt, Hibiscus sabdariffa (hibiskus) blomsterekstrakt, Chamomilla recutita (kamille) blomsterekstrakt, Santalum album (sandeltre) treolje, Helichrysum stoechas (evighetsblomst) blomsterekstrakt, Jasminum officinale (jasmin) blomsterekstrakt, Rosmarinus officinalis (rosmarin) bladekstrakt, Lonicera japonica (kaprifol) blomsterekstrakt, Jasminum sambac (jasmin) blomsterekstrakt, Nelumbo nucifera (lotus) st\u00f8vdrager-ekstrakt, Rosmarinus officinalis (rosmarin) bladolje.<br \/>\nNaturlige bestanddeler av eteriske oljer:<br \/>\nBenzylalkohol*, Citronellol*, Eugenol*, Geraniol*, Linalool*, Citral*, Limonene*, Methyl benzoate*, Benzyl cinnamate*, Benzyl salicylate*, Cinnamyl alcohol*, Farnesol*, Isoeugenol*<br \/>\nNaturlige bestanddeler av eteriske Fri for giftige ingredienser, sterke kjemikalier, syntetiske stoffer, sulfater, kunstige dufter eller farger, dyreprodukter eller gluten. Ikke testet p\u00e5 dyr. Egnet for veganere.<\/p>\n<p>[\/vc_column_text][\/toggle][\/toggles][\/vc_column][\/vc_row]<\/p>\n<div class=\"page\" title=\"Side 1\">\n<div class=\"section\">\n<div class=\"layoutArea\">\n<div class=\"column\"><\/div>\n<\/div>\n<div class=\"layoutArea\">\n<div class=\"column\">\n<p>&nbsp;<\/p>\n<\/div>\n<\/div>\n<\/div>\n<\/div>\n","protected":false},"featured_media":2179,"comment_status":"open","ping_status":"closed","template":"","meta":{"_acf_changed":false,"inline_featured_image":false},"product_brand":[],"product_cat":[47,46,48,49],"product_tag":[],"class_list":{"0":"post-1715","1":"product","2":"type-product","3":"status-publish","4":"has-post-thumbnail","6":"product_cat-fuktighetskremer","7":"product_cat-oyekremer","8":"product_cat-serum-og-oljer","9":"product_cat-tonere","11":"first","12":"instock","13":"taxable","14":"shipping-taxable","15":"purchasable","16":"product-type-simple"},"acf":[],"yoast_head":"<!-- This site is optimized with the Yoast SEO Premium plugin v27.0 (Yoast SEO v27.0) - https:\/\/yoast.com\/product\/yoast-seo-premium-wordpress\/ -->\n<title>Gentle Gem | Divine body &amp; bath oil<\/title>\n<meta name=\"description\" content=\"Denne kroppsoljen er en liten skatt i INDII-universet. Den rene duften av rose, jasmin, bergamot og lavendel gir deg en deilig, frisk og oppl\u00f8ftende f\u00f8lelse. Gentle Gem inneholder de reneste eteriske oljer som ikke bare dufter vidunderlig, men ogs\u00e5 har terapeutiske egenskaper for b\u00e5de kropp og sinn. I hver eneste lille flaske er det en liten edelsten - en Rosenkvarts - ogs\u00e5 kjent som kj\u00e6rlighetsstenen.\" \/>\n<meta name=\"robots\" content=\"index, follow, max-snippet:-1, max-image-preview:large, max-video-preview:-1\" \/>\n<link rel=\"canonical\" href=\"https:\/\/indiicreations.com\/no\/produkt\/gentle-gem\/\" \/>\n<meta property=\"og:locale\" content=\"nb_NO\" \/>\n<meta property=\"og:type\" content=\"article\" \/>\n<meta property=\"og:title\" content=\"Gentle Gem\" \/>\n<meta property=\"og:description\" content=\"Denne kroppsoljen er en liten skatt i INDII-universet. Den rene duften av rose, jasmin, bergamot og lavendel gir deg en deilig, frisk og oppl\u00f8ftende f\u00f8lelse. Gentle Gem inneholder de reneste eteriske oljer som ikke bare dufter vidunderlig, men ogs\u00e5 har terapeutiske egenskaper for b\u00e5de kropp og sinn. I hver eneste lille flaske er det en liten edelsten - en Rosenkvarts - ogs\u00e5 kjent som kj\u00e6rlighetsstenen.\" \/>\n<meta property=\"og:url\" content=\"https:\/\/indiicreations.com\/no\/produkt\/gentle-gem\/\" \/>\n<meta property=\"og:site_name\" content=\"INDII\" \/>\n<meta property=\"article:modified_time\" content=\"2026-02-24T14:20:21+00:00\" \/>\n<meta property=\"og:image\" content=\"https:\/\/indiicreations.com\/wp-content\/uploads\/2023\/04\/INDII_GentelGem_lavoppl-3-1.jpg\" \/>\n\t<meta property=\"og:image:width\" content=\"379\" \/>\n\t<meta property=\"og:image:height\" content=\"531\" \/>\n\t<meta property=\"og:image:type\" content=\"image\/jpeg\" \/>\n<meta name=\"twitter:card\" content=\"summary_large_image\" \/>\n<meta name=\"twitter:label1\" content=\"Ansl. lesetid\" \/>\n\t<meta name=\"twitter:data1\" content=\"1 minutt\" \/>\n<script type=\"application\/ld+json\" class=\"yoast-schema-graph\">{\"@context\":\"https:\/\/schema.org\",\"@graph\":[{\"@type\":\"WebPage\",\"@id\":\"https:\/\/indiicreations.com\/no\/produkt\/gentle-gem\/\",\"url\":\"https:\/\/indiicreations.com\/no\/produkt\/gentle-gem\/\",\"name\":\"Gentle Gem | Divine body & bath oil\",\"isPartOf\":{\"@id\":\"https:\/\/indiicreations.com\/no\/#website\"},\"primaryImageOfPage\":{\"@id\":\"https:\/\/indiicreations.com\/no\/produkt\/gentle-gem\/#primaryimage\"},\"image\":{\"@id\":\"https:\/\/indiicreations.com\/no\/produkt\/gentle-gem\/#primaryimage\"},\"thumbnailUrl\":\"https:\/\/indiicreations.com\/wp-content\/uploads\/2023\/04\/INDII_GentelGem_lavoppl-3-1.jpg\",\"datePublished\":\"2023-04-04T12:41:48+00:00\",\"dateModified\":\"2026-02-24T14:20:21+00:00\",\"description\":\"Denne kroppsoljen er en liten skatt i INDII-universet. Den rene duften av rose, jasmin, bergamot og lavendel gir deg en deilig, frisk og oppl\u00f8ftende f\u00f8lelse. Gentle Gem inneholder de reneste eteriske oljer som ikke bare dufter vidunderlig, men ogs\u00e5 har terapeutiske egenskaper for b\u00e5de kropp og sinn. I hver eneste lille flaske er det en liten edelsten - en Rosenkvarts - ogs\u00e5 kjent som kj\u00e6rlighetsstenen.\",\"breadcrumb\":{\"@id\":\"https:\/\/indiicreations.com\/no\/produkt\/gentle-gem\/#breadcrumb\"},\"inLanguage\":\"nb-NO\",\"potentialAction\":[{\"@type\":\"ReadAction\",\"target\":[\"https:\/\/indiicreations.com\/no\/produkt\/gentle-gem\/\"]}]},{\"@type\":\"ImageObject\",\"inLanguage\":\"nb-NO\",\"@id\":\"https:\/\/indiicreations.com\/no\/produkt\/gentle-gem\/#primaryimage\",\"url\":\"https:\/\/indiicreations.com\/wp-content\/uploads\/2023\/04\/INDII_GentelGem_lavoppl-3-1.jpg\",\"contentUrl\":\"https:\/\/indiicreations.com\/wp-content\/uploads\/2023\/04\/INDII_GentelGem_lavoppl-3-1.jpg\",\"width\":379,\"height\":531},{\"@type\":\"BreadcrumbList\",\"@id\":\"https:\/\/indiicreations.com\/no\/produkt\/gentle-gem\/#breadcrumb\",\"itemListElement\":[{\"@type\":\"ListItem\",\"position\":1,\"name\":\"Home\",\"item\":\"https:\/\/indiicreations.com\/no\/\"},{\"@type\":\"ListItem\",\"position\":2,\"name\":\"Produkter\",\"item\":\"https:\/\/indiicreations.com\/no\/butikk\/\"},{\"@type\":\"ListItem\",\"position\":3,\"name\":\"Gentle Gem\"}]},{\"@type\":\"WebSite\",\"@id\":\"https:\/\/indiicreations.com\/no\/#website\",\"url\":\"https:\/\/indiicreations.com\/no\/\",\"name\":\"INDII\",\"description\":\"Transform your skin with INDII - for a radiant, healthy glow!\",\"publisher\":{\"@id\":\"https:\/\/indiicreations.com\/no\/#organization\"},\"potentialAction\":[{\"@type\":\"SearchAction\",\"target\":{\"@type\":\"EntryPoint\",\"urlTemplate\":\"https:\/\/indiicreations.com\/no\/?s={search_term_string}\"},\"query-input\":{\"@type\":\"PropertyValueSpecification\",\"valueRequired\":true,\"valueName\":\"search_term_string\"}}],\"inLanguage\":\"nb-NO\"},{\"@type\":\"Organization\",\"@id\":\"https:\/\/indiicreations.com\/no\/#organization\",\"name\":\"INDII Creations\",\"url\":\"https:\/\/indiicreations.com\/no\/\",\"logo\":{\"@type\":\"ImageObject\",\"inLanguage\":\"nb-NO\",\"@id\":\"https:\/\/indiicreations.com\/no\/#\/schema\/logo\/image\/\",\"url\":\"https:\/\/indiicreations.com\/wp-content\/uploads\/2023\/08\/Indii_logo_svart.svg\",\"contentUrl\":\"https:\/\/indiicreations.com\/wp-content\/uploads\/2023\/08\/Indii_logo_svart.svg\",\"width\":\"1024\",\"height\":\"1024\",\"caption\":\"INDII Creations\"},\"image\":{\"@id\":\"https:\/\/indiicreations.com\/no\/#\/schema\/logo\/image\/\"},\"sameAs\":[\"https:\/\/www.instagram.com\/indii.no\/\"]}]}<\/script>\n<!-- \/ Yoast SEO Premium plugin. -->","yoast_head_json":{"title":"Gentle Gem | Divine body & bath oil","description":"Denne kroppsoljen er en liten skatt i INDII-universet. Den rene duften av rose, jasmin, bergamot og lavendel gir deg en deilig, frisk og oppl\u00f8ftende f\u00f8lelse. Gentle Gem inneholder de reneste eteriske oljer som ikke bare dufter vidunderlig, men ogs\u00e5 har terapeutiske egenskaper for b\u00e5de kropp og sinn. I hver eneste lille flaske er det en liten edelsten - en Rosenkvarts - ogs\u00e5 kjent som kj\u00e6rlighetsstenen.","robots":{"index":"index","follow":"follow","max-snippet":"max-snippet:-1","max-image-preview":"max-image-preview:large","max-video-preview":"max-video-preview:-1"},"canonical":"https:\/\/indiicreations.com\/no\/produkt\/gentle-gem\/","og_locale":"nb_NO","og_type":"article","og_title":"Gentle Gem","og_description":"Denne kroppsoljen er en liten skatt i INDII-universet. Den rene duften av rose, jasmin, bergamot og lavendel gir deg en deilig, frisk og oppl\u00f8ftende f\u00f8lelse. Gentle Gem inneholder de reneste eteriske oljer som ikke bare dufter vidunderlig, men ogs\u00e5 har terapeutiske egenskaper for b\u00e5de kropp og sinn. I hver eneste lille flaske er det en liten edelsten - en Rosenkvarts - ogs\u00e5 kjent som kj\u00e6rlighetsstenen.","og_url":"https:\/\/indiicreations.com\/no\/produkt\/gentle-gem\/","og_site_name":"INDII","article_modified_time":"2026-02-24T14:20:21+00:00","og_image":[{"width":379,"height":531,"url":"https:\/\/indiicreations.com\/wp-content\/uploads\/2023\/04\/INDII_GentelGem_lavoppl-3-1.jpg","type":"image\/jpeg"}],"twitter_card":"summary_large_image","twitter_misc":{"Ansl. lesetid":"1 minutt"},"schema":{"@context":"https:\/\/schema.org","@graph":[{"@type":"WebPage","@id":"https:\/\/indiicreations.com\/no\/produkt\/gentle-gem\/","url":"https:\/\/indiicreations.com\/no\/produkt\/gentle-gem\/","name":"Gentle Gem | Divine body & bath oil","isPartOf":{"@id":"https:\/\/indiicreations.com\/no\/#website"},"primaryImageOfPage":{"@id":"https:\/\/indiicreations.com\/no\/produkt\/gentle-gem\/#primaryimage"},"image":{"@id":"https:\/\/indiicreations.com\/no\/produkt\/gentle-gem\/#primaryimage"},"thumbnailUrl":"https:\/\/indiicreations.com\/wp-content\/uploads\/2023\/04\/INDII_GentelGem_lavoppl-3-1.jpg","datePublished":"2023-04-04T12:41:48+00:00","dateModified":"2026-02-24T14:20:21+00:00","description":"Denne kroppsoljen er en liten skatt i INDII-universet. Den rene duften av rose, jasmin, bergamot og lavendel gir deg en deilig, frisk og oppl\u00f8ftende f\u00f8lelse. Gentle Gem inneholder de reneste eteriske oljer som ikke bare dufter vidunderlig, men ogs\u00e5 har terapeutiske egenskaper for b\u00e5de kropp og sinn. I hver eneste lille flaske er det en liten edelsten - en Rosenkvarts - ogs\u00e5 kjent som kj\u00e6rlighetsstenen.","breadcrumb":{"@id":"https:\/\/indiicreations.com\/no\/produkt\/gentle-gem\/#breadcrumb"},"inLanguage":"nb-NO","potentialAction":[{"@type":"ReadAction","target":["https:\/\/indiicreations.com\/no\/produkt\/gentle-gem\/"]}]},{"@type":"ImageObject","inLanguage":"nb-NO","@id":"https:\/\/indiicreations.com\/no\/produkt\/gentle-gem\/#primaryimage","url":"https:\/\/indiicreations.com\/wp-content\/uploads\/2023\/04\/INDII_GentelGem_lavoppl-3-1.jpg","contentUrl":"https:\/\/indiicreations.com\/wp-content\/uploads\/2023\/04\/INDII_GentelGem_lavoppl-3-1.jpg","width":379,"height":531},{"@type":"BreadcrumbList","@id":"https:\/\/indiicreations.com\/no\/produkt\/gentle-gem\/#breadcrumb","itemListElement":[{"@type":"ListItem","position":1,"name":"Home","item":"https:\/\/indiicreations.com\/no\/"},{"@type":"ListItem","position":2,"name":"Produkter","item":"https:\/\/indiicreations.com\/no\/butikk\/"},{"@type":"ListItem","position":3,"name":"Gentle Gem"}]},{"@type":"WebSite","@id":"https:\/\/indiicreations.com\/no\/#website","url":"https:\/\/indiicreations.com\/no\/","name":"INDII","description":"Transform your skin with INDII - for a radiant, healthy glow!","publisher":{"@id":"https:\/\/indiicreations.com\/no\/#organization"},"potentialAction":[{"@type":"SearchAction","target":{"@type":"EntryPoint","urlTemplate":"https:\/\/indiicreations.com\/no\/?s={search_term_string}"},"query-input":{"@type":"PropertyValueSpecification","valueRequired":true,"valueName":"search_term_string"}}],"inLanguage":"nb-NO"},{"@type":"Organization","@id":"https:\/\/indiicreations.com\/no\/#organization","name":"INDII Creations","url":"https:\/\/indiicreations.com\/no\/","logo":{"@type":"ImageObject","inLanguage":"nb-NO","@id":"https:\/\/indiicreations.com\/no\/#\/schema\/logo\/image\/","url":"https:\/\/indiicreations.com\/wp-content\/uploads\/2023\/08\/Indii_logo_svart.svg","contentUrl":"https:\/\/indiicreations.com\/wp-content\/uploads\/2023\/08\/Indii_logo_svart.svg","width":"1024","height":"1024","caption":"INDII Creations"},"image":{"@id":"https:\/\/indiicreations.com\/no\/#\/schema\/logo\/image\/"},"sameAs":["https:\/\/www.instagram.com\/indii.no\/"]}]}},"jetpack_sharing_enabled":true,"_links":{"self":[{"href":"https:\/\/indiicreations.com\/no\/wp-json\/wp\/v2\/product\/1715","targetHints":{"allow":["GET"]}}],"collection":[{"href":"https:\/\/indiicreations.com\/no\/wp-json\/wp\/v2\/product"}],"about":[{"href":"https:\/\/indiicreations.com\/no\/wp-json\/wp\/v2\/types\/product"}],"replies":[{"embeddable":true,"href":"https:\/\/indiicreations.com\/no\/wp-json\/wp\/v2\/comments?post=1715"}],"wp:featuredmedia":[{"embeddable":true,"href":"https:\/\/indiicreations.com\/no\/wp-json\/wp\/v2\/media\/2179"}],"wp:attachment":[{"href":"https:\/\/indiicreations.com\/no\/wp-json\/wp\/v2\/media?parent=1715"}],"wp:term":[{"taxonomy":"product_brand","embeddable":true,"href":"https:\/\/indiicreations.com\/no\/wp-json\/wp\/v2\/product_brand?post=1715"},{"taxonomy":"product_cat","embeddable":true,"href":"https:\/\/indiicreations.com\/no\/wp-json\/wp\/v2\/product_cat?post=1715"},{"taxonomy":"product_tag","embeddable":true,"href":"https:\/\/indiicreations.com\/no\/wp-json\/wp\/v2\/product_tag?post=1715"}],"curies":[{"name":"wp","href":"https:\/\/api.w.org\/{rel}","templated":true}]}}