{"id":1662,"date":"2023-04-04T12:41:47","date_gmt":"2023-04-04T12:41:47","guid":{"rendered":"https:\/\/indiicreations.com\/product\/advanced-serum\/"},"modified":"2026-04-20T19:10:40","modified_gmt":"2026-04-20T19:10:40","slug":"advanced-serum","status":"publish","type":"product","link":"https:\/\/indiicreations.com\/no\/produkt\/advanced-serum\/","title":{"rendered":"Advanced Serum"},"content":{"rendered":"[vc_row type=&raquo;full_width_background&raquo; full_screen_row_position=&raquo;middle&raquo; column_margin=&raquo;default&raquo; column_direction=&raquo;default&raquo; column_direction_tablet=&raquo;default&raquo; column_direction_phone=&raquo;default&raquo; scene_position=&raquo;center&raquo; top_padding=&raquo;4%&raquo; constrain_group_1=&raquo;yes&raquo; bottom_padding=&raquo;4%&raquo; text_color=&raquo;dark&raquo; text_align=&raquo;left&raquo; row_border_radius=&raquo;none&raquo; row_border_radius_applies=&raquo;bg&raquo; overflow=&raquo;visible&raquo; overlay_strength=&raquo;1&#8243; gradient_direction=&raquo;left_to_right&raquo; shape_divider_position=&raquo;bottom&raquo; bg_image_animation=&raquo;none&raquo; gradient_type=&raquo;default&raquo; shape_type=&raquo;&raquo;][vc_column column_padding=&raquo;no-extra-padding&raquo; column_padding_tablet=&raquo;inherit&raquo; column_padding_phone=&raquo;inherit&raquo; column_padding_position=&raquo;all&raquo; column_element_direction_desktop=&raquo;default&raquo; column_element_spacing=&raquo;default&raquo; desktop_text_alignment=&raquo;default&raquo; tablet_text_alignment=&raquo;default&raquo; phone_text_alignment=&raquo;default&raquo; background_color_opacity=&raquo;1&#8243; background_hover_color_opacity=&raquo;1&#8243; column_backdrop_filter=&raquo;none&raquo; column_shadow=&raquo;none&raquo; column_border_radius=&raquo;none&raquo; column_link_target=&raquo;_self&raquo; column_position=&raquo;default&raquo; gradient_direction=&raquo;left_to_right&raquo; overlay_strength=&raquo;0.3&#8243; width=&raquo;1\/1&#8243; tablet_width_inherit=&raquo;default&raquo; animation_type=&raquo;default&raquo; bg_image_animation=&raquo;none&raquo; border_type=&raquo;simple&raquo; column_border_width=&raquo;none&raquo; column_border_style=&raquo;solid&raquo;][vc_row_inner column_margin=&raquo;default&raquo; column_direction=&raquo;default&raquo; column_direction_tablet=&raquo;default&raquo; column_direction_phone=&raquo;default&raquo; text_align=&raquo;left&raquo; row_position=&raquo;default&raquo; row_position_tablet=&raquo;inherit&raquo; row_position_phone=&raquo;inherit&raquo; overflow=&raquo;visible&raquo; pointer_events=&raquo;all&raquo;][vc_column_inner column_padding=&raquo;no-extra-padding&raquo; column_padding_tablet=&raquo;inherit&raquo; column_padding_phone=&raquo;inherit&raquo; column_padding_position=&raquo;all&raquo; column_element_direction_desktop=&raquo;default&raquo; column_element_spacing=&raquo;default&raquo; desktop_text_alignment=&raquo;default&raquo; tablet_text_alignment=&raquo;default&raquo; phone_text_alignment=&raquo;default&raquo; background_color_opacity=&raquo;1&#8243; background_hover_color_opacity=&raquo;1&#8243; column_backdrop_filter=&raquo;none&raquo; column_shadow=&raquo;none&raquo; column_border_radius=&raquo;none&raquo; column_link_target=&raquo;_self&raquo; overflow=&raquo;visible&raquo; gradient_direction=&raquo;left_to_right&raquo; overlay_strength=&raquo;0.3&#8243; width=&raquo;2\/3&#8243; tablet_width_inherit=&raquo;default&raquo; animation_type=&raquo;default&raquo; bg_image_animation=&raquo;none&raquo; border_type=&raquo;simple&raquo; column_border_width=&raquo;none&raquo; column_border_style=&raquo;solid&raquo;][vc_column_text max_width=&raquo;750&#8243;]\n<h1><em>Hvordan bruke \/ Mine tips og triks<\/em><\/h1>\n<p>Dette er min favoritt til daglig bruk, morgen og kveld. Et av mine tre gl\u00f8dende helteprodukter for vital, levende og str\u00e5lende hud.<\/p>\n<p>P\u00e5f\u00f8r 1-2 pump p\u00e5 nyrenset ansikt og hals. For optimale resultater anbefaler jeg \u00e5 starte med Algae Peptide Serum, deretter p\u00e5f\u00f8re Advanced Serum og avslutte med Advanced Oil. Serum p\u00e5f\u00f8res ofte f\u00f8r fuktighetskremer som en del av en lag-p\u00e5-lag-prosess. Med denne p\u00e5f\u00f8ringen fungerer det som en booster. Advanced Serum kan ogs\u00e5 brukes som en lett fuktighetskrem n\u00e5r det p\u00e5f\u00f8res alene p\u00e5 fet hud.[\/vc_column_text][\/vc_column_inner][vc_column_inner column_padding=&raquo;no-extra-padding&raquo; column_padding_tablet=&raquo;inherit&raquo; column_padding_phone=&raquo;inherit&raquo; column_padding_position=&raquo;all&raquo; column_element_direction_desktop=&raquo;default&raquo; column_element_spacing=&raquo;default&raquo; desktop_text_alignment=&raquo;default&raquo; tablet_text_alignment=&raquo;default&raquo; phone_text_alignment=&raquo;default&raquo; background_color_opacity=&raquo;1&#8243; background_hover_color_opacity=&raquo;1&#8243; column_backdrop_filter=&raquo;none&raquo; column_shadow=&raquo;none&raquo; column_border_radius=&raquo;none&raquo; column_link_target=&raquo;_self&raquo; overflow=&raquo;visible&raquo; gradient_direction=&raquo;left_to_right&raquo; overlay_strength=&raquo;0.3&#8243; width=&raquo;1\/3&#8243; tablet_width_inherit=&raquo;default&raquo; animation_type=&raquo;default&raquo; bg_image_animation=&raquo;none&raquo; border_type=&raquo;simple&raquo; column_border_width=&raquo;none&raquo; column_border_style=&raquo;solid&raquo;][nectar_video_player_self_hosted video_mp4=&raquo;https:\/\/indiicreations.com\/wp-content\/uploads\/2023\/04\/INDII__AdvancedSerum_HVIT.mp4&#8243; el_aspect=&raquo;916&#8243; el_aspect_phone=&raquo;916&#8243; player_functionality=&raquo;default&raquo; hide_controls=&raquo;yes&raquo; loop=&raquo;yes&raquo; autoplay=&raquo;yes&raquo; video_loading=&raquo;default&raquo; border_radius=&raquo;none&raquo; box_shadow=&raquo;none&raquo; advanced_gradient_display_type=&raquo;linear&raquo;][\/vc_column_inner][\/vc_row_inner][\/vc_column][\/vc_row]\n","protected":false},"excerpt":{"rendered":"<p>[nectar_global_section id=&raquo;317&#8243;]<\/p>\n<div class=\"page\" title=\"Side 1\">\n<div class=\"section\">\n<div class=\"layoutArea\">\n<div class=\"column\">\n<p>Advanced Serum stimulerer kollagen og elastin, noe som forbedrer hudens fasthet og st\u00f8tter dyp regenerering. Dette serumet bidrar til \u00e5 bremse hudens naturlige aldringsprosess.<br \/>\nDenne luksuri\u00f8se gl\u00f8deliksiren er fullpakket med kraftige antioksidanter, peptider og veganske stamceller.<br \/>\n<br \/>Et ekte gyllent serum som f\u00e5r huden din til \u00e5 str\u00e5le med vitalitet.<\/p>\n<\/div>\n<\/div>\n<\/div>\n<\/div>\n<p>[nectar_global_section id=&raquo;317&#8243;]<\/p>\n<p>FORDELER<\/p>\n<p>Advanced Serum stimulerer kollagen og elastin, noe som forbedrer hudens fasthet og st\u00f8tter dyp regenerering. Serumet har ogs\u00e5 antiinflammatoriske egenskaper som lindrer huden, mens de kraftige ingrediensene oksygenerer og reparerer. Det bidrar til \u00e5 bremse hudens naturlige aldringsprosess. <\/p>\n<p>[nectar_global_section id=&raquo;317&#8243;]<\/p>\n<p>N\u00d8KKELINGREDIENSER<\/p>\n<p>[nectar_global_section id=&raquo;317&#8243;]<\/p>\n<p>[vc_row type=&raquo;in_container&raquo; full_screen_row_position=&raquo;middle&raquo; column_margin=&raquo;default&raquo; column_direction=&raquo;default&raquo; column_direction_tablet=&raquo;default&raquo; column_direction_phone=&raquo;default&raquo; scene_position=&raquo;center&raquo; text_color=&raquo;dark&raquo; text_align=&raquo;left&raquo; row_border_radius=&raquo;none&raquo; row_border_radius_applies=&raquo;bg&raquo; overflow=&raquo;visible&raquo; overlay_strength=&raquo;0.3&#8243; gradient_direction=&raquo;left_to_right&raquo; shape_divider_position=&raquo;bottom&raquo; bg_image_animation=&raquo;none&raquo;][vc_column column_padding=&raquo;no-extra-padding&raquo; column_padding_tablet=&raquo;inherit&raquo; column_padding_phone=&raquo;inherit&raquo; column_padding_position=&raquo;all&raquo; column_element_direction_desktop=&raquo;default&raquo; column_element_spacing=&raquo;default&raquo; desktop_text_alignment=&raquo;default&raquo; tablet_text_alignment=&raquo;default&raquo; phone_text_alignment=&raquo;default&raquo; background_color_opacity=&raquo;1&#8243; background_hover_color_opacity=&raquo;1&#8243; column_backdrop_filter=&raquo;none&raquo; column_shadow=&raquo;none&raquo; column_border_radius=&raquo;none&raquo; column_link_target=&raquo;_self&raquo; column_position=&raquo;default&raquo; gradient_direction=&raquo;left_to_right&raquo; overlay_strength=&raquo;0.3&#8243; width=&raquo;1\/1&#8243; tablet_width_inherit=&raquo;default&raquo; animation_type=&raquo;default&raquo; bg_image_animation=&raquo;none&raquo; border_type=&raquo;simple&raquo; column_border_width=&raquo;none&raquo; column_border_style=&raquo;solid&raquo;][toggles style=&raquo;minimal&raquo;][toggle color=&raquo;Default&raquo; heading_tag=&raquo;default&raquo; heading_tag_functionality=&raquo;default&raquo; title=&raquo;ALLE INGREDIENSER&raquo;][vc_column_text]Ingredienser<\/p>\n<p>Aqua (water), Saccharide isomerate (plant sugar complex), Glycerin, Caesalpinia Spinosa gum, Glycerin, [Citrus aurantium dulcis (orange) callus culture extract], Rosa rubiginosa (rosehip) seed oil, Camellia oleifera (camellia) seed oil, Punica granatum (pomegranate) seed oil, Rubus idaeus (raspberry) seed oil, Populus tremuloides (aspen) bark extract, Tetrahexyldecyl ascorbate (vitamin C ester), Santalum album (sandalwood) wood oil, Chondrus crispus (carrageenan algae), Squalane, Tocopherol (vitamin E), Xanthan gum, Aloe barbadensis (aloe vera) leaf juice, Mauritia flexuosa (buriti) fruit oil, Jasminum sambac (jasmine) flower extract, Camellia sinensis (green tea) leaf extract, Boswellia sacra (sacred frankincense) resin oil, Rosmarinus officinalis (rosemary) leaf oil, Camellia sinensis (green tea) leaf extract, Hibiscus sabdariffa (hibiscus) flower extract, Olea europaea (olive) leaf extract, Plantago lanceolata (plantain) leaf extract, Ginkgo biloba leaf extract, Centella asiatica (gotu kola) leaf extract, Helichrysum stoechas (life everlasting) flower extract[\/vc_column_text][\/toggle][\/toggles][\/vc_column][\/vc_row]<\/p>\n","protected":false},"featured_media":2126,"comment_status":"open","ping_status":"closed","template":"","meta":{"_acf_changed":false,"inline_featured_image":false},"product_brand":[],"product_cat":[48],"product_tag":[],"class_list":{"0":"post-1662","1":"product","2":"type-product","3":"status-publish","4":"has-post-thumbnail","6":"product_cat-serum-og-oljer","8":"first","9":"instock","10":"taxable","11":"shipping-taxable","12":"purchasable","13":"product-type-simple"},"acf":[],"yoast_head":"<!-- This site is optimized with the Yoast SEO Premium plugin v27.0 (Yoast SEO v27.0) - https:\/\/yoast.com\/product\/yoast-seo-premium-wordpress\/ -->\n<title>Advanced Serum | Levende ansiktsserum med veganske stamceller<\/title>\n<meta name=\"description\" content=\"Advanced Serum stimulerer kollagen og elastin, noe som forbedrer hudens fasthet og st\u00f8tter dyp regenerering. Dette serumet bidrar til \u00e5 bremse hudens naturlige aldringsprosess.\" \/>\n<meta name=\"robots\" content=\"index, follow, max-snippet:-1, max-image-preview:large, max-video-preview:-1\" \/>\n<link rel=\"canonical\" href=\"https:\/\/indiicreations.com\/no\/produkt\/advanced-serum\/\" \/>\n<meta property=\"og:locale\" content=\"nb_NO\" \/>\n<meta property=\"og:type\" content=\"article\" \/>\n<meta property=\"og:title\" content=\"Advanced Serum\" \/>\n<meta property=\"og:description\" content=\"Advanced Serum stimulerer kollagen og elastin, noe som forbedrer hudens fasthet og st\u00f8tter dyp regenerering. Dette serumet bidrar til \u00e5 bremse hudens naturlige aldringsprosess.\" \/>\n<meta property=\"og:url\" content=\"https:\/\/indiicreations.com\/no\/produkt\/advanced-serum\/\" \/>\n<meta property=\"og:site_name\" content=\"INDII\" \/>\n<meta property=\"article:modified_time\" content=\"2026-04-20T19:10:40+00:00\" \/>\n<meta property=\"og:image\" content=\"https:\/\/indiicreations.com\/wp-content\/uploads\/2023\/04\/INDII__Advanced_Serum_lavoppl-61.jpg\" \/>\n\t<meta property=\"og:image:width\" content=\"379\" \/>\n\t<meta property=\"og:image:height\" content=\"531\" \/>\n\t<meta property=\"og:image:type\" content=\"image\/jpeg\" \/>\n<meta name=\"twitter:card\" content=\"summary_large_image\" \/>\n<meta name=\"twitter:label1\" content=\"Ansl. lesetid\" \/>\n\t<meta name=\"twitter:data1\" content=\"1 minutt\" \/>\n<script type=\"application\/ld+json\" class=\"yoast-schema-graph\">{\"@context\":\"https:\/\/schema.org\",\"@graph\":[{\"@type\":\"WebPage\",\"@id\":\"https:\/\/indiicreations.com\/no\/produkt\/advanced-serum\/\",\"url\":\"https:\/\/indiicreations.com\/no\/produkt\/advanced-serum\/\",\"name\":\"Advanced Serum | Levende ansiktsserum med veganske stamceller\",\"isPartOf\":{\"@id\":\"https:\/\/indiicreations.com\/no\/#website\"},\"primaryImageOfPage\":{\"@id\":\"https:\/\/indiicreations.com\/no\/produkt\/advanced-serum\/#primaryimage\"},\"image\":{\"@id\":\"https:\/\/indiicreations.com\/no\/produkt\/advanced-serum\/#primaryimage\"},\"thumbnailUrl\":\"https:\/\/indiicreations.com\/wp-content\/uploads\/2023\/04\/INDII__Advanced_Serum_lavoppl-61.jpg\",\"datePublished\":\"2023-04-04T12:41:47+00:00\",\"dateModified\":\"2026-04-20T19:10:40+00:00\",\"description\":\"Advanced Serum stimulerer kollagen og elastin, noe som forbedrer hudens fasthet og st\u00f8tter dyp regenerering. Dette serumet bidrar til \u00e5 bremse hudens naturlige aldringsprosess.\",\"breadcrumb\":{\"@id\":\"https:\/\/indiicreations.com\/no\/produkt\/advanced-serum\/#breadcrumb\"},\"inLanguage\":\"nb-NO\",\"potentialAction\":[{\"@type\":\"ReadAction\",\"target\":[\"https:\/\/indiicreations.com\/no\/produkt\/advanced-serum\/\"]}]},{\"@type\":\"ImageObject\",\"inLanguage\":\"nb-NO\",\"@id\":\"https:\/\/indiicreations.com\/no\/produkt\/advanced-serum\/#primaryimage\",\"url\":\"https:\/\/indiicreations.com\/wp-content\/uploads\/2023\/04\/INDII__Advanced_Serum_lavoppl-61.jpg\",\"contentUrl\":\"https:\/\/indiicreations.com\/wp-content\/uploads\/2023\/04\/INDII__Advanced_Serum_lavoppl-61.jpg\",\"width\":379,\"height\":531},{\"@type\":\"BreadcrumbList\",\"@id\":\"https:\/\/indiicreations.com\/no\/produkt\/advanced-serum\/#breadcrumb\",\"itemListElement\":[{\"@type\":\"ListItem\",\"position\":1,\"name\":\"Home\",\"item\":\"https:\/\/indiicreations.com\/no\/\"},{\"@type\":\"ListItem\",\"position\":2,\"name\":\"Produkter\",\"item\":\"https:\/\/indiicreations.com\/no\/butikk\/\"},{\"@type\":\"ListItem\",\"position\":3,\"name\":\"Advanced Serum\"}]},{\"@type\":\"WebSite\",\"@id\":\"https:\/\/indiicreations.com\/no\/#website\",\"url\":\"https:\/\/indiicreations.com\/no\/\",\"name\":\"INDII\",\"description\":\"Transform your skin with INDII - for a radiant, healthy glow!\",\"publisher\":{\"@id\":\"https:\/\/indiicreations.com\/no\/#organization\"},\"potentialAction\":[{\"@type\":\"SearchAction\",\"target\":{\"@type\":\"EntryPoint\",\"urlTemplate\":\"https:\/\/indiicreations.com\/no\/?s={search_term_string}\"},\"query-input\":{\"@type\":\"PropertyValueSpecification\",\"valueRequired\":true,\"valueName\":\"search_term_string\"}}],\"inLanguage\":\"nb-NO\"},{\"@type\":\"Organization\",\"@id\":\"https:\/\/indiicreations.com\/no\/#organization\",\"name\":\"INDII Creations\",\"url\":\"https:\/\/indiicreations.com\/no\/\",\"logo\":{\"@type\":\"ImageObject\",\"inLanguage\":\"nb-NO\",\"@id\":\"https:\/\/indiicreations.com\/no\/#\/schema\/logo\/image\/\",\"url\":\"https:\/\/indiicreations.com\/wp-content\/uploads\/2023\/08\/Indii_logo_svart.svg\",\"contentUrl\":\"https:\/\/indiicreations.com\/wp-content\/uploads\/2023\/08\/Indii_logo_svart.svg\",\"width\":\"1024\",\"height\":\"1024\",\"caption\":\"INDII Creations\"},\"image\":{\"@id\":\"https:\/\/indiicreations.com\/no\/#\/schema\/logo\/image\/\"},\"sameAs\":[\"https:\/\/www.instagram.com\/indii.no\/\"]}]}<\/script>\n<!-- \/ Yoast SEO Premium plugin. -->","yoast_head_json":{"title":"Advanced Serum | Levende ansiktsserum med veganske stamceller","description":"Advanced Serum stimulerer kollagen og elastin, noe som forbedrer hudens fasthet og st\u00f8tter dyp regenerering. Dette serumet bidrar til \u00e5 bremse hudens naturlige aldringsprosess.","robots":{"index":"index","follow":"follow","max-snippet":"max-snippet:-1","max-image-preview":"max-image-preview:large","max-video-preview":"max-video-preview:-1"},"canonical":"https:\/\/indiicreations.com\/no\/produkt\/advanced-serum\/","og_locale":"nb_NO","og_type":"article","og_title":"Advanced Serum","og_description":"Advanced Serum stimulerer kollagen og elastin, noe som forbedrer hudens fasthet og st\u00f8tter dyp regenerering. Dette serumet bidrar til \u00e5 bremse hudens naturlige aldringsprosess.","og_url":"https:\/\/indiicreations.com\/no\/produkt\/advanced-serum\/","og_site_name":"INDII","article_modified_time":"2026-04-20T19:10:40+00:00","og_image":[{"width":379,"height":531,"url":"https:\/\/indiicreations.com\/wp-content\/uploads\/2023\/04\/INDII__Advanced_Serum_lavoppl-61.jpg","type":"image\/jpeg"}],"twitter_card":"summary_large_image","twitter_misc":{"Ansl. lesetid":"1 minutt"},"schema":{"@context":"https:\/\/schema.org","@graph":[{"@type":"WebPage","@id":"https:\/\/indiicreations.com\/no\/produkt\/advanced-serum\/","url":"https:\/\/indiicreations.com\/no\/produkt\/advanced-serum\/","name":"Advanced Serum | Levende ansiktsserum med veganske stamceller","isPartOf":{"@id":"https:\/\/indiicreations.com\/no\/#website"},"primaryImageOfPage":{"@id":"https:\/\/indiicreations.com\/no\/produkt\/advanced-serum\/#primaryimage"},"image":{"@id":"https:\/\/indiicreations.com\/no\/produkt\/advanced-serum\/#primaryimage"},"thumbnailUrl":"https:\/\/indiicreations.com\/wp-content\/uploads\/2023\/04\/INDII__Advanced_Serum_lavoppl-61.jpg","datePublished":"2023-04-04T12:41:47+00:00","dateModified":"2026-04-20T19:10:40+00:00","description":"Advanced Serum stimulerer kollagen og elastin, noe som forbedrer hudens fasthet og st\u00f8tter dyp regenerering. Dette serumet bidrar til \u00e5 bremse hudens naturlige aldringsprosess.","breadcrumb":{"@id":"https:\/\/indiicreations.com\/no\/produkt\/advanced-serum\/#breadcrumb"},"inLanguage":"nb-NO","potentialAction":[{"@type":"ReadAction","target":["https:\/\/indiicreations.com\/no\/produkt\/advanced-serum\/"]}]},{"@type":"ImageObject","inLanguage":"nb-NO","@id":"https:\/\/indiicreations.com\/no\/produkt\/advanced-serum\/#primaryimage","url":"https:\/\/indiicreations.com\/wp-content\/uploads\/2023\/04\/INDII__Advanced_Serum_lavoppl-61.jpg","contentUrl":"https:\/\/indiicreations.com\/wp-content\/uploads\/2023\/04\/INDII__Advanced_Serum_lavoppl-61.jpg","width":379,"height":531},{"@type":"BreadcrumbList","@id":"https:\/\/indiicreations.com\/no\/produkt\/advanced-serum\/#breadcrumb","itemListElement":[{"@type":"ListItem","position":1,"name":"Home","item":"https:\/\/indiicreations.com\/no\/"},{"@type":"ListItem","position":2,"name":"Produkter","item":"https:\/\/indiicreations.com\/no\/butikk\/"},{"@type":"ListItem","position":3,"name":"Advanced Serum"}]},{"@type":"WebSite","@id":"https:\/\/indiicreations.com\/no\/#website","url":"https:\/\/indiicreations.com\/no\/","name":"INDII","description":"Transform your skin with INDII - for a radiant, healthy glow!","publisher":{"@id":"https:\/\/indiicreations.com\/no\/#organization"},"potentialAction":[{"@type":"SearchAction","target":{"@type":"EntryPoint","urlTemplate":"https:\/\/indiicreations.com\/no\/?s={search_term_string}"},"query-input":{"@type":"PropertyValueSpecification","valueRequired":true,"valueName":"search_term_string"}}],"inLanguage":"nb-NO"},{"@type":"Organization","@id":"https:\/\/indiicreations.com\/no\/#organization","name":"INDII Creations","url":"https:\/\/indiicreations.com\/no\/","logo":{"@type":"ImageObject","inLanguage":"nb-NO","@id":"https:\/\/indiicreations.com\/no\/#\/schema\/logo\/image\/","url":"https:\/\/indiicreations.com\/wp-content\/uploads\/2023\/08\/Indii_logo_svart.svg","contentUrl":"https:\/\/indiicreations.com\/wp-content\/uploads\/2023\/08\/Indii_logo_svart.svg","width":"1024","height":"1024","caption":"INDII Creations"},"image":{"@id":"https:\/\/indiicreations.com\/no\/#\/schema\/logo\/image\/"},"sameAs":["https:\/\/www.instagram.com\/indii.no\/"]}]}},"jetpack_sharing_enabled":true,"_links":{"self":[{"href":"https:\/\/indiicreations.com\/no\/wp-json\/wp\/v2\/product\/1662","targetHints":{"allow":["GET"]}}],"collection":[{"href":"https:\/\/indiicreations.com\/no\/wp-json\/wp\/v2\/product"}],"about":[{"href":"https:\/\/indiicreations.com\/no\/wp-json\/wp\/v2\/types\/product"}],"replies":[{"embeddable":true,"href":"https:\/\/indiicreations.com\/no\/wp-json\/wp\/v2\/comments?post=1662"}],"wp:featuredmedia":[{"embeddable":true,"href":"https:\/\/indiicreations.com\/no\/wp-json\/wp\/v2\/media\/2126"}],"wp:attachment":[{"href":"https:\/\/indiicreations.com\/no\/wp-json\/wp\/v2\/media?parent=1662"}],"wp:term":[{"taxonomy":"product_brand","embeddable":true,"href":"https:\/\/indiicreations.com\/no\/wp-json\/wp\/v2\/product_brand?post=1662"},{"taxonomy":"product_cat","embeddable":true,"href":"https:\/\/indiicreations.com\/no\/wp-json\/wp\/v2\/product_cat?post=1662"},{"taxonomy":"product_tag","embeddable":true,"href":"https:\/\/indiicreations.com\/no\/wp-json\/wp\/v2\/product_tag?post=1662"}],"curies":[{"name":"wp","href":"https:\/\/api.w.org\/{rel}","templated":true}]}}