{"id":1661,"date":"2023-04-04T12:39:00","date_gmt":"2023-04-04T12:39:00","guid":{"rendered":"https:\/\/indiicreations.com\/product\/advanced-oil\/"},"modified":"2026-03-17T15:43:33","modified_gmt":"2026-03-17T15:43:33","slug":"advanced-oil","status":"publish","type":"product","link":"https:\/\/indiicreations.com\/no\/produkt\/advanced-oil\/","title":{"rendered":"Advanced oil"},"content":{"rendered":"[vc_row type=&raquo;full_width_background&raquo; full_screen_row_position=&raquo;middle&raquo; column_margin=&raquo;default&raquo; column_direction=&raquo;default&raquo; column_direction_tablet=&raquo;default&raquo; column_direction_phone=&raquo;default&raquo; scene_position=&raquo;center&raquo; top_padding=&raquo;4%&raquo; constrain_group_1=&raquo;yes&raquo; bottom_padding=&raquo;4%&raquo; text_color=&raquo;dark&raquo; text_align=&raquo;left&raquo; row_border_radius=&raquo;none&raquo; row_border_radius_applies=&raquo;bg&raquo; row_position_desktop=&raquo;default&raquo; row_position_tablet=&raquo;inherit&raquo; row_position_phone=&raquo;inherit&raquo; overflow=&raquo;visible&raquo; overlay_strength=&raquo;1&#8243; gradient_direction=&raquo;left_to_right&raquo; shape_divider_position=&raquo;bottom&raquo; bg_image_animation=&raquo;none&raquo; gradient_type=&raquo;default&raquo; shape_type=&raquo;&raquo;][vc_column column_padding=&raquo;no-extra-padding&raquo; column_padding_tablet=&raquo;inherit&raquo; column_padding_phone=&raquo;inherit&raquo; column_padding_position=&raquo;all&raquo; flex_gap_desktop=&raquo;10px&raquo; column_element_direction_desktop=&raquo;default&raquo; column_element_spacing=&raquo;default&raquo; desktop_text_alignment=&raquo;default&raquo; tablet_text_alignment=&raquo;default&raquo; phone_text_alignment=&raquo;default&raquo; background_color_opacity=&raquo;1&#8243; background_hover_color_opacity=&raquo;1&#8243; column_backdrop_filter=&raquo;none&raquo; column_shadow=&raquo;none&raquo; column_border_radius=&raquo;none&raquo; column_link_target=&raquo;_self&raquo; column_position=&raquo;default&raquo; gradient_direction=&raquo;left_to_right&raquo; overlay_strength=&raquo;0.3&#8243; width=&raquo;1\/1&#8243; tablet_width_inherit=&raquo;default&raquo; animation_type=&raquo;default&raquo; bg_image_animation=&raquo;none&raquo; border_type=&raquo;simple&raquo; column_border_width=&raquo;none&raquo; column_border_style=&raquo;solid&raquo;][vc_row_inner column_margin=&raquo;default&raquo; column_direction=&raquo;default&raquo; column_direction_tablet=&raquo;default&raquo; column_direction_phone=&raquo;default&raquo; text_align=&raquo;left&raquo; row_position=&raquo;default&raquo; row_position_tablet=&raquo;inherit&raquo; row_position_phone=&raquo;inherit&raquo; overflow=&raquo;visible&raquo; pointer_events=&raquo;all&raquo;][vc_column_inner column_padding=&raquo;no-extra-padding&raquo; column_padding_tablet=&raquo;inherit&raquo; column_padding_phone=&raquo;inherit&raquo; column_padding_position=&raquo;all&raquo; flex_gap_desktop=&raquo;10px&raquo; column_element_direction_desktop=&raquo;default&raquo; column_element_spacing=&raquo;default&raquo; desktop_text_alignment=&raquo;default&raquo; tablet_text_alignment=&raquo;default&raquo; phone_text_alignment=&raquo;default&raquo; background_color_opacity=&raquo;1&#8243; background_hover_color_opacity=&raquo;1&#8243; column_backdrop_filter=&raquo;none&raquo; column_shadow=&raquo;none&raquo; column_border_radius=&raquo;none&raquo; column_link_target=&raquo;_self&raquo; overflow=&raquo;visible&raquo; gradient_direction=&raquo;left_to_right&raquo; overlay_strength=&raquo;0.3&#8243; width=&raquo;2\/3&#8243; tablet_width_inherit=&raquo;default&raquo; animation_type=&raquo;default&raquo; bg_image_animation=&raquo;none&raquo; border_type=&raquo;simple&raquo; column_border_width=&raquo;none&raquo; column_border_style=&raquo;solid&raquo;][vc_column_text css=&raquo;&raquo; max_width=&raquo;750&#8243; text_direction=&raquo;default&raquo;]\n<h1 style=\"text-align: left\"><em>Hvordan bruke \/ Mine tips og triks<\/em><\/h1>\n<p style=\"text-align: left\">Jeg tenker p\u00e5 Advanced Oil som en kraftfull eliksir for huden min.<\/p>\n<p style=\"text-align: left\">P\u00e5f\u00f8r 5-6 dr\u00e5per p\u00e5 ren og fuktet hud. Mass\u00e9r forsiktig inn i ansikt, hals og d\u00e9colletage. For \u00f8kt fuktighet, p\u00e5f\u00f8r f\u00f8rst INDII Algae Peptide Serum. Brukes morgen og kveld.<\/p>\n[\/vc_column_text][\/vc_column_inner][vc_column_inner column_padding=&raquo;no-extra-padding&raquo; column_padding_tablet=&raquo;inherit&raquo; column_padding_phone=&raquo;inherit&raquo; column_padding_position=&raquo;all&raquo; flex_gap_desktop=&raquo;10px&raquo; column_element_direction_desktop=&raquo;default&raquo; column_element_spacing=&raquo;default&raquo; desktop_text_alignment=&raquo;default&raquo; tablet_text_alignment=&raquo;default&raquo; phone_text_alignment=&raquo;default&raquo; background_color_opacity=&raquo;1&#8243; background_hover_color_opacity=&raquo;1&#8243; column_backdrop_filter=&raquo;none&raquo; column_shadow=&raquo;none&raquo; column_border_radius=&raquo;none&raquo; column_link_target=&raquo;_self&raquo; overflow=&raquo;visible&raquo; gradient_direction=&raquo;left_to_right&raquo; overlay_strength=&raquo;0.3&#8243; width=&raquo;1\/3&#8243; tablet_width_inherit=&raquo;default&raquo; animation_type=&raquo;default&raquo; bg_image_animation=&raquo;none&raquo; border_type=&raquo;simple&raquo; column_border_width=&raquo;none&raquo; column_border_style=&raquo;solid&raquo;][nectar_video_player_self_hosted video_mp4=&raquo;https:\/\/indiicreations.com\/wp-content\/uploads\/2023\/04\/INDII__AdvancedOil_HVIT-1.mp4&#8243; el_aspect=&raquo;916&#8243; el_aspect_phone=&raquo;916&#8243; player_functionality=&raquo;default&raquo; hide_controls=&raquo;yes&raquo; loop=&raquo;yes&raquo; autoplay=&raquo;yes&raquo; video_loading=&raquo;default&raquo; border_radius=&raquo;none&raquo; box_shadow=&raquo;none&raquo; advanced_gradient_display_type=&raquo;linear&raquo;][\/vc_column_inner][\/vc_row_inner][\/vc_column][\/vc_row]\n","protected":false},"excerpt":{"rendered":"<p>[nectar_global_section id=&raquo;317&#8243;]<\/p>\n<p>Denne gylne nektaren er en magisk blanding av rene, levende \u00f8kologiske oljer med hele 26 ulike urter og b\u00e6r fulle av potent plantekraft. Advanced Oil er rik p\u00e5 vitamin C, karotenoider, COQ10, SOD og andre antioksidanter som f\u00e5r huden din til og gl\u00f8de av vitalitet og sunnhet.<\/p>\n<p>Vi er stolte av denne kraftfulle eliksiren som tar hele 30 dager \u00e5 lage.<\/p>\n<p>[nectar_global_section id=&raquo;317&#8243;]<\/p>\n<p>FORDELER<br \/>\nAdvanced Oil stimulerer kollagen og elastin for fastere hud, fremmer en jevn hudtone, gir naturlig UV-beskyttelse og st\u00f8tter hudens regenerering. I tillegg holder dens fuktighetsgivende egenskaper huden hydrert og str\u00e5lende levende.<\/p>\n<p>[nectar_global_section id=&raquo;317&#8243;]<\/p>\n<p>KEY INGREDIENTS<br \/>\nVitamin C, CoQ10, Pomegranate oil, Argan oil, Seabuckthorn berry oil, Jasmine oil<\/p>\n<p>[vc_row type=&raquo;in_container&raquo; full_screen_row_position=&raquo;middle&raquo; column_margin=&raquo;default&raquo; column_direction=&raquo;default&raquo; column_direction_tablet=&raquo;default&raquo; column_direction_phone=&raquo;default&raquo; scene_position=&raquo;center&raquo; text_color=&raquo;dark&raquo; text_align=&raquo;left&raquo; row_border_radius=&raquo;none&raquo; row_border_radius_applies=&raquo;bg&raquo; overflow=&raquo;visible&raquo; overlay_strength=&raquo;0.3&#8243; gradient_direction=&raquo;left_to_right&raquo; shape_divider_position=&raquo;bottom&raquo; bg_image_animation=&raquo;none&raquo;][vc_column column_padding=&raquo;no-extra-padding&raquo; column_padding_tablet=&raquo;inherit&raquo; column_padding_phone=&raquo;inherit&raquo; column_padding_position=&raquo;all&raquo; column_element_direction_desktop=&raquo;default&raquo; column_element_spacing=&raquo;default&raquo; desktop_text_alignment=&raquo;default&raquo; tablet_text_alignment=&raquo;default&raquo; phone_text_alignment=&raquo;default&raquo; background_color_opacity=&raquo;1&#8243; background_hover_color_opacity=&raquo;1&#8243; column_backdrop_filter=&raquo;none&raquo; column_shadow=&raquo;none&raquo; column_border_radius=&raquo;none&raquo; column_link_target=&raquo;_self&raquo; column_position=&raquo;default&raquo; gradient_direction=&raquo;left_to_right&raquo; overlay_strength=&raquo;0.3&#8243; width=&raquo;1\/1&#8243; tablet_width_inherit=&raquo;default&raquo; animation_type=&raquo;default&raquo; bg_image_animation=&raquo;none&raquo; border_type=&raquo;simple&raquo; column_border_width=&raquo;none&raquo; column_border_style=&raquo;solid&raquo;][toggles style=&raquo;minimal&raquo;][toggle color=&raquo;Default&raquo; heading_tag=&raquo;default&raquo; heading_tag_functionality=&raquo;default&raquo; title=&raquo;ALLE INGREDIENSER&raquo;][vc_column_text]Cocos nucifera (kokos) olje, Vitis vinifera (drue) kjernekstrakt, Tetrahexyldecyl ascorbat (vitamin C-ester), Corylus avellana (hasseln\u00f8tt) fr\u00f8olje, Skvalan, Punica granatum (granateple) fr\u00f8olje, Argania spinosa (argan) fr\u00f8olje, Vaccinium macrocarpon (traneb\u00e6r) fr\u00f8olje, Rubus idaeus (bringeb\u00e6r) fr\u00f8olje, Borago officinalis (agurkurt) fr\u00f8olje, Lavandula angustifolia (lavendel) blomsterolje, Hippophae rhamnoides (tindvedb\u00e6r) fruktolje, Tocopherol (vitamin E), Passiflora edulis (pasjonsfrukt) fr\u00f8olje, Rosa rubiginosa (nype) fr\u00f8olje, Calophyllum inophyllum (tamanu) fr\u00f8olje, Santalum album (sandeltre) treolje, Lycium barbarum (goji b\u00e6r) fruktekstrakt, Hibiscus sabdariffa (hibiskus) blomsterekstrakt, [Citrus sinensis (appelsin) olje; Citrus limon (sitron) skallolje; Citrus paradisi M. (r\u00f8d grapefrukt) skallolje; Citrus reticulata (gr\u00f8nn mandarin) skallolje; Citrus bergamia (bergamott) skallolje], Oenothera biennis (kveldsvikker) fr\u00f8olje, Mauritia flexuosa (buriti) fruktolje, Aspalathus linearis (rooibos) bladekstrakt, Oryza sativa (ris) kliolje, Rhodiola rosea rotekstrakt, Rosmarinus officinalis (rosmarin) bladekstrakt, Glycyrrhiza glabra\/uralensis (lakris) rotekstrakt, Jasminum sambac (jasmin) blomsterolje, Citrus limon (petitgrain) bladolje, Vanilla planifolia (vanilje) olje, [Caprylic\/capric triglycerid (kokos); Calendula officinalis (ringblomst) blomsterekstrakt], Camellia sinensis (gr\u00f8nn te) bladekstrakt, Centella asiatica (gotu kola) bladekstrakt, Echinacea purpurea blomsterekstrakt, Symphytum officinale (comfrey) rotekstrakt, Lavandula intermedia (lavendel) blomsterekstrakt, Plantago lanceolata (groblad) bladekstrakt, Ginkgo biloba bladekstrakt, Phyllanthus emblica (amla) fruktekstrakt, Equisetum arvense (kjerringrokk) bladekstrakt, Helichrysum stoechas (evighetsblomst) blomsterekstrakt, Rosa centifolia (rose) blomsterekstrakt, Melissa officinalis (sitronmelisse) bladekstrakt, Calendula officinalis (ringblomst) blomsterekstrakt, Withania somnifera (ashwagandha) rotekstrakt, Symphytum officinale (comfrey) bladekstrakt, Citrus aurantium (neroli) blomsterolje, Rosa centifolia (rose) olje, Ubiquinone (COQ10), Glycyrrhiza glabra (lakris) rot, Silybum marianum (mariatistel) fr\u00f8ekstrakt, Bixa orellana (annatto) fr\u00f8ekstrakt, Boswellia sacra (frankincense) ekstrakt, Euterpe oleracea (acai) fruktekstrakt, Viola tricolor (stemorsblomst) bladekstrakt, Nelumbo nucifera (lotus) st\u00f8vdrager-ekstrakt, Rosmarinus officinalis (rosmarin) bladolje.<br \/>\nNaturlige bestanddeler av eteriske oljer:<br \/>\nBenzylalkohol*, Methyl benzoate*, Geraniol*, Linalool*, Citral*, Farnesol*, Citronellol*, Eugenol*, Limonene*, Coumarin*<br \/>\nNaturlige bestanddeler av eteriske oljer.<br \/>\nFRI FOR:<br \/>\nGiftige ingredienser, sterke kjemikalier, syntetiske stoffer, sulfater, kunstige dufter eller farger, dyreprodukter eller gluten. Ikke testet p\u00e5 dyr. Egnet for veganere.<\/p>\n<p>[\/vc_column_text][\/toggle][\/toggles][\/vc_column][\/vc_row]<\/p>\n","protected":false},"featured_media":2188,"comment_status":"open","ping_status":"closed","template":"","meta":{"_acf_changed":false,"inline_featured_image":false},"product_brand":[],"product_cat":[47,46,48,49],"product_tag":[],"class_list":{"0":"post-1661","1":"product","2":"type-product","3":"status-publish","4":"has-post-thumbnail","6":"product_cat-fuktighetskremer","7":"product_cat-oyekremer","8":"product_cat-serum-og-oljer","9":"product_cat-tonere","11":"first","12":"instock","13":"taxable","14":"shipping-taxable","15":"purchasable","16":"product-type-simple"},"acf":[],"yoast_head":"<!-- This site is optimized with the Yoast SEO Premium plugin v27.0 (Yoast SEO v27.0) - https:\/\/yoast.com\/product\/yoast-seo-premium-wordpress\/ -->\n<title>Advanced oil - Alive facial oil | Magisk ren plantekraft<\/title>\n<meta name=\"description\" content=\"Advanced Oil inneholder h\u00f8ye niv\u00e5er av vitamin C, karotenoider, CoQ10, SOD og andre antioksidanter. Vi er dypt stolte av denne vakre nektaren.\" \/>\n<meta name=\"robots\" content=\"index, follow, max-snippet:-1, max-image-preview:large, max-video-preview:-1\" \/>\n<link rel=\"canonical\" href=\"https:\/\/indiicreations.com\/no\/produkt\/advanced-oil\/\" \/>\n<meta property=\"og:locale\" content=\"nb_NO\" \/>\n<meta property=\"og:type\" content=\"article\" \/>\n<meta property=\"og:title\" content=\"Advanced oil\" \/>\n<meta property=\"og:description\" content=\"Advanced Oil inneholder h\u00f8ye niv\u00e5er av vitamin C, karotenoider, CoQ10, SOD og andre antioksidanter. Vi er dypt stolte av denne vakre nektaren.\" \/>\n<meta property=\"og:url\" content=\"https:\/\/indiicreations.com\/no\/produkt\/advanced-oil\/\" \/>\n<meta property=\"og:site_name\" content=\"INDII\" \/>\n<meta property=\"article:modified_time\" content=\"2026-03-17T15:43:33+00:00\" \/>\n<meta property=\"og:image\" content=\"https:\/\/indiicreations.com\/wp-content\/uploads\/2023\/04\/INDII_AdvancedOil_lavoppl-4-1.jpg\" \/>\n\t<meta property=\"og:image:width\" content=\"379\" \/>\n\t<meta property=\"og:image:height\" content=\"531\" \/>\n\t<meta property=\"og:image:type\" content=\"image\/jpeg\" \/>\n<meta name=\"twitter:card\" content=\"summary_large_image\" \/>\n<meta name=\"twitter:label1\" content=\"Ansl. lesetid\" \/>\n\t<meta name=\"twitter:data1\" content=\"1 minutt\" \/>\n<script type=\"application\/ld+json\" class=\"yoast-schema-graph\">{\"@context\":\"https:\/\/schema.org\",\"@graph\":[{\"@type\":\"WebPage\",\"@id\":\"https:\/\/indiicreations.com\/no\/produkt\/advanced-oil\/\",\"url\":\"https:\/\/indiicreations.com\/no\/produkt\/advanced-oil\/\",\"name\":\"Advanced oil - Alive facial oil | Magisk ren plantekraft\",\"isPartOf\":{\"@id\":\"https:\/\/indiicreations.com\/no\/#website\"},\"primaryImageOfPage\":{\"@id\":\"https:\/\/indiicreations.com\/no\/produkt\/advanced-oil\/#primaryimage\"},\"image\":{\"@id\":\"https:\/\/indiicreations.com\/no\/produkt\/advanced-oil\/#primaryimage\"},\"thumbnailUrl\":\"https:\/\/indiicreations.com\/wp-content\/uploads\/2023\/04\/INDII_AdvancedOil_lavoppl-4-1.jpg\",\"datePublished\":\"2023-04-04T12:39:00+00:00\",\"dateModified\":\"2026-03-17T15:43:33+00:00\",\"description\":\"Advanced Oil inneholder h\u00f8ye niv\u00e5er av vitamin C, karotenoider, CoQ10, SOD og andre antioksidanter. Vi er dypt stolte av denne vakre nektaren.\",\"breadcrumb\":{\"@id\":\"https:\/\/indiicreations.com\/no\/produkt\/advanced-oil\/#breadcrumb\"},\"inLanguage\":\"nb-NO\",\"potentialAction\":[{\"@type\":\"ReadAction\",\"target\":[\"https:\/\/indiicreations.com\/no\/produkt\/advanced-oil\/\"]}]},{\"@type\":\"ImageObject\",\"inLanguage\":\"nb-NO\",\"@id\":\"https:\/\/indiicreations.com\/no\/produkt\/advanced-oil\/#primaryimage\",\"url\":\"https:\/\/indiicreations.com\/wp-content\/uploads\/2023\/04\/INDII_AdvancedOil_lavoppl-4-1.jpg\",\"contentUrl\":\"https:\/\/indiicreations.com\/wp-content\/uploads\/2023\/04\/INDII_AdvancedOil_lavoppl-4-1.jpg\",\"width\":379,\"height\":531},{\"@type\":\"BreadcrumbList\",\"@id\":\"https:\/\/indiicreations.com\/no\/produkt\/advanced-oil\/#breadcrumb\",\"itemListElement\":[{\"@type\":\"ListItem\",\"position\":1,\"name\":\"Home\",\"item\":\"https:\/\/indiicreations.com\/no\/\"},{\"@type\":\"ListItem\",\"position\":2,\"name\":\"Produkter\",\"item\":\"https:\/\/indiicreations.com\/no\/butikk\/\"},{\"@type\":\"ListItem\",\"position\":3,\"name\":\"Advanced oil\"}]},{\"@type\":\"WebSite\",\"@id\":\"https:\/\/indiicreations.com\/no\/#website\",\"url\":\"https:\/\/indiicreations.com\/no\/\",\"name\":\"INDII\",\"description\":\"Transform your skin with INDII - for a radiant, healthy glow!\",\"publisher\":{\"@id\":\"https:\/\/indiicreations.com\/no\/#organization\"},\"potentialAction\":[{\"@type\":\"SearchAction\",\"target\":{\"@type\":\"EntryPoint\",\"urlTemplate\":\"https:\/\/indiicreations.com\/no\/?s={search_term_string}\"},\"query-input\":{\"@type\":\"PropertyValueSpecification\",\"valueRequired\":true,\"valueName\":\"search_term_string\"}}],\"inLanguage\":\"nb-NO\"},{\"@type\":\"Organization\",\"@id\":\"https:\/\/indiicreations.com\/no\/#organization\",\"name\":\"INDII Creations\",\"url\":\"https:\/\/indiicreations.com\/no\/\",\"logo\":{\"@type\":\"ImageObject\",\"inLanguage\":\"nb-NO\",\"@id\":\"https:\/\/indiicreations.com\/no\/#\/schema\/logo\/image\/\",\"url\":\"https:\/\/indiicreations.com\/wp-content\/uploads\/2023\/08\/Indii_logo_svart.svg\",\"contentUrl\":\"https:\/\/indiicreations.com\/wp-content\/uploads\/2023\/08\/Indii_logo_svart.svg\",\"width\":\"1024\",\"height\":\"1024\",\"caption\":\"INDII Creations\"},\"image\":{\"@id\":\"https:\/\/indiicreations.com\/no\/#\/schema\/logo\/image\/\"},\"sameAs\":[\"https:\/\/www.instagram.com\/indii.no\/\"]}]}<\/script>\n<!-- \/ Yoast SEO Premium plugin. -->","yoast_head_json":{"title":"Advanced oil - Alive facial oil | Magisk ren plantekraft","description":"Advanced Oil inneholder h\u00f8ye niv\u00e5er av vitamin C, karotenoider, CoQ10, SOD og andre antioksidanter. Vi er dypt stolte av denne vakre nektaren.","robots":{"index":"index","follow":"follow","max-snippet":"max-snippet:-1","max-image-preview":"max-image-preview:large","max-video-preview":"max-video-preview:-1"},"canonical":"https:\/\/indiicreations.com\/no\/produkt\/advanced-oil\/","og_locale":"nb_NO","og_type":"article","og_title":"Advanced oil","og_description":"Advanced Oil inneholder h\u00f8ye niv\u00e5er av vitamin C, karotenoider, CoQ10, SOD og andre antioksidanter. Vi er dypt stolte av denne vakre nektaren.","og_url":"https:\/\/indiicreations.com\/no\/produkt\/advanced-oil\/","og_site_name":"INDII","article_modified_time":"2026-03-17T15:43:33+00:00","og_image":[{"width":379,"height":531,"url":"https:\/\/indiicreations.com\/wp-content\/uploads\/2023\/04\/INDII_AdvancedOil_lavoppl-4-1.jpg","type":"image\/jpeg"}],"twitter_card":"summary_large_image","twitter_misc":{"Ansl. lesetid":"1 minutt"},"schema":{"@context":"https:\/\/schema.org","@graph":[{"@type":"WebPage","@id":"https:\/\/indiicreations.com\/no\/produkt\/advanced-oil\/","url":"https:\/\/indiicreations.com\/no\/produkt\/advanced-oil\/","name":"Advanced oil - Alive facial oil | Magisk ren plantekraft","isPartOf":{"@id":"https:\/\/indiicreations.com\/no\/#website"},"primaryImageOfPage":{"@id":"https:\/\/indiicreations.com\/no\/produkt\/advanced-oil\/#primaryimage"},"image":{"@id":"https:\/\/indiicreations.com\/no\/produkt\/advanced-oil\/#primaryimage"},"thumbnailUrl":"https:\/\/indiicreations.com\/wp-content\/uploads\/2023\/04\/INDII_AdvancedOil_lavoppl-4-1.jpg","datePublished":"2023-04-04T12:39:00+00:00","dateModified":"2026-03-17T15:43:33+00:00","description":"Advanced Oil inneholder h\u00f8ye niv\u00e5er av vitamin C, karotenoider, CoQ10, SOD og andre antioksidanter. Vi er dypt stolte av denne vakre nektaren.","breadcrumb":{"@id":"https:\/\/indiicreations.com\/no\/produkt\/advanced-oil\/#breadcrumb"},"inLanguage":"nb-NO","potentialAction":[{"@type":"ReadAction","target":["https:\/\/indiicreations.com\/no\/produkt\/advanced-oil\/"]}]},{"@type":"ImageObject","inLanguage":"nb-NO","@id":"https:\/\/indiicreations.com\/no\/produkt\/advanced-oil\/#primaryimage","url":"https:\/\/indiicreations.com\/wp-content\/uploads\/2023\/04\/INDII_AdvancedOil_lavoppl-4-1.jpg","contentUrl":"https:\/\/indiicreations.com\/wp-content\/uploads\/2023\/04\/INDII_AdvancedOil_lavoppl-4-1.jpg","width":379,"height":531},{"@type":"BreadcrumbList","@id":"https:\/\/indiicreations.com\/no\/produkt\/advanced-oil\/#breadcrumb","itemListElement":[{"@type":"ListItem","position":1,"name":"Home","item":"https:\/\/indiicreations.com\/no\/"},{"@type":"ListItem","position":2,"name":"Produkter","item":"https:\/\/indiicreations.com\/no\/butikk\/"},{"@type":"ListItem","position":3,"name":"Advanced oil"}]},{"@type":"WebSite","@id":"https:\/\/indiicreations.com\/no\/#website","url":"https:\/\/indiicreations.com\/no\/","name":"INDII","description":"Transform your skin with INDII - for a radiant, healthy glow!","publisher":{"@id":"https:\/\/indiicreations.com\/no\/#organization"},"potentialAction":[{"@type":"SearchAction","target":{"@type":"EntryPoint","urlTemplate":"https:\/\/indiicreations.com\/no\/?s={search_term_string}"},"query-input":{"@type":"PropertyValueSpecification","valueRequired":true,"valueName":"search_term_string"}}],"inLanguage":"nb-NO"},{"@type":"Organization","@id":"https:\/\/indiicreations.com\/no\/#organization","name":"INDII Creations","url":"https:\/\/indiicreations.com\/no\/","logo":{"@type":"ImageObject","inLanguage":"nb-NO","@id":"https:\/\/indiicreations.com\/no\/#\/schema\/logo\/image\/","url":"https:\/\/indiicreations.com\/wp-content\/uploads\/2023\/08\/Indii_logo_svart.svg","contentUrl":"https:\/\/indiicreations.com\/wp-content\/uploads\/2023\/08\/Indii_logo_svart.svg","width":"1024","height":"1024","caption":"INDII Creations"},"image":{"@id":"https:\/\/indiicreations.com\/no\/#\/schema\/logo\/image\/"},"sameAs":["https:\/\/www.instagram.com\/indii.no\/"]}]}},"jetpack_sharing_enabled":true,"_links":{"self":[{"href":"https:\/\/indiicreations.com\/no\/wp-json\/wp\/v2\/product\/1661","targetHints":{"allow":["GET"]}}],"collection":[{"href":"https:\/\/indiicreations.com\/no\/wp-json\/wp\/v2\/product"}],"about":[{"href":"https:\/\/indiicreations.com\/no\/wp-json\/wp\/v2\/types\/product"}],"replies":[{"embeddable":true,"href":"https:\/\/indiicreations.com\/no\/wp-json\/wp\/v2\/comments?post=1661"}],"wp:featuredmedia":[{"embeddable":true,"href":"https:\/\/indiicreations.com\/no\/wp-json\/wp\/v2\/media\/2188"}],"wp:attachment":[{"href":"https:\/\/indiicreations.com\/no\/wp-json\/wp\/v2\/media?parent=1661"}],"wp:term":[{"taxonomy":"product_brand","embeddable":true,"href":"https:\/\/indiicreations.com\/no\/wp-json\/wp\/v2\/product_brand?post=1661"},{"taxonomy":"product_cat","embeddable":true,"href":"https:\/\/indiicreations.com\/no\/wp-json\/wp\/v2\/product_cat?post=1661"},{"taxonomy":"product_tag","embeddable":true,"href":"https:\/\/indiicreations.com\/no\/wp-json\/wp\/v2\/product_tag?post=1661"}],"curies":[{"name":"wp","href":"https:\/\/api.w.org\/{rel}","templated":true}]}}